{"id":14920,"date":"2022-05-11T16:34:59","date_gmt":"2022-05-11T14:34:59","guid":{"rendered":"https:\/\/journalift.org\/online-media-essentials-package-templates\/"},"modified":"2022-05-16T16:47:04","modified_gmt":"2022-05-16T14:47:04","slug":"online-media-essentials-paket-sabloni","status":"publish","type":"page","link":"https:\/\/journalift.org\/bhsc\/online-media-essentials-paket-sabloni\/","title":{"rendered":"\u0160abloni paketa osnovnih online medija"},"content":{"rendered":"\t\t<div data-elementor-type=\"wp-page\" data-elementor-id=\"14920\" class=\"elementor elementor-14920 elementor-14526\" data-elementor-post-type=\"page\">\n\t\t\t\t\t\t<section class=\"ob-is-breaking-bad elementor-section elementor-top-section elementor-element elementor-element-54246a6 elementor-section-boxed elementor-section-height-default elementor-section-height-default\" data-id=\"54246a6\" data-element_type=\"section\" data-e-type=\"section\" data-settings=\"{&quot;background_background&quot;:&quot;classic&quot;,&quot;_ob_bbad_use_it&quot;:&quot;yes&quot;,&quot;_ob_bbad_sssic_use&quot;:&quot;no&quot;,&quot;_ob_glider_is_slider&quot;:&quot;no&quot;}\">\n\t\t\t\t\t\t\t<div class=\"elementor-background-overlay\"><\/div>\n\t\t\t\t\t\t\t<div class=\"elementor-container elementor-column-gap-default\">\n\t\t\t\t\t<div class=\"elementor-column elementor-col-50 elementor-top-column elementor-element elementor-element-41e9f52b\" data-id=\"41e9f52b\" data-element_type=\"column\" data-e-type=\"column\" data-settings=\"{&quot;_ob_bbad_is_stalker&quot;:&quot;no&quot;,&quot;_ob_teleporter_use&quot;:false,&quot;_ob_column_hoveranimator&quot;:&quot;no&quot;,&quot;_ob_column_has_pseudo&quot;:&quot;no&quot;}\">\n\t\t\t<div class=\"elementor-widget-wrap elementor-element-populated\">\n\t\t\t\t\t\t<div class=\"elementor-element elementor-element-973e078 ob-harakiri-inherit ob-has-background-overlay elementor-widget elementor-widget-heading\" data-id=\"973e078\" data-element_type=\"widget\" data-e-type=\"widget\" data-settings=\"{&quot;_ob_use_harakiri&quot;:&quot;yes&quot;,&quot;_ob_harakiri_writing_mode&quot;:&quot;inherit&quot;,&quot;_ob_harakiri_text_clip&quot;:&quot;none&quot;,&quot;_ob_perspektive_use&quot;:&quot;no&quot;,&quot;_ob_poopart_use&quot;:&quot;yes&quot;,&quot;_ob_shadough_use&quot;:&quot;no&quot;,&quot;_ob_allow_hoveranimator&quot;:&quot;no&quot;,&quot;_ob_widget_stalker_use&quot;:&quot;no&quot;}\" data-widget_type=\"heading.default\">\n\t\t\t\t<div class=\"elementor-widget-container\">\n\t\t\t\t\t<h1 class=\"elementor-heading-title elementor-size-default\">Paket osnovnih online medija<\/h1>\t\t\t\t<\/div>\n\t\t\t\t<\/div>\n\t\t\t\t<div class=\"elementor-element elementor-element-79e0e8de ob-harakiri-inherit ob-has-background-overlay elementor-widget elementor-widget-text-editor\" data-id=\"79e0e8de\" data-element_type=\"widget\" data-e-type=\"widget\" data-settings=\"{&quot;_ob_use_harakiri&quot;:&quot;yes&quot;,&quot;_ob_harakiri_writing_mode&quot;:&quot;inherit&quot;,&quot;_ob_postman_use&quot;:&quot;no&quot;,&quot;_ob_perspektive_use&quot;:&quot;no&quot;,&quot;_ob_poopart_use&quot;:&quot;yes&quot;,&quot;_ob_shadough_use&quot;:&quot;no&quot;,&quot;_ob_allow_hoveranimator&quot;:&quot;no&quot;,&quot;_ob_widget_stalker_use&quot;:&quot;no&quot;}\" data-widget_type=\"text-editor.default\">\n\t\t\t\t<div class=\"elementor-widget-container\">\n\t\t\t\t\t\t\t\t\t<p class=\"p1\">Unapredite svoj medij sa tri paketa dokumenata koje mo\u017eete da preuzmete, prilagodite i koristite potpuno besplatno.<\/p>\t\t\t\t\t\t\t\t<\/div>\n\t\t\t\t<\/div>\n\t\t\t\t\t<\/div>\n\t\t<\/div>\n\t\t\t\t<div class=\"elementor-column elementor-col-50 elementor-top-column elementor-element elementor-element-38234800\" data-id=\"38234800\" data-element_type=\"column\" data-e-type=\"column\" data-settings=\"{&quot;_ob_bbad_is_stalker&quot;:&quot;no&quot;,&quot;_ob_teleporter_use&quot;:false,&quot;_ob_column_hoveranimator&quot;:&quot;no&quot;,&quot;_ob_column_has_pseudo&quot;:&quot;no&quot;}\">\n\t\t\t<div class=\"elementor-widget-wrap\">\n\t\t\t\t\t\t\t<\/div>\n\t\t<\/div>\n\t\t\t\t\t<\/div>\n\t\t<\/section>\n\t\t\t\t<section class=\"ob-is-breaking-bad elementor-section elementor-top-section elementor-element elementor-element-69e3ab0f elementor-section-boxed elementor-section-height-default elementor-section-height-default\" data-id=\"69e3ab0f\" data-element_type=\"section\" data-e-type=\"section\" id=\"templates\" data-settings=\"{&quot;_ob_bbad_use_it&quot;:&quot;yes&quot;,&quot;_ob_bbad_sssic_use&quot;:&quot;no&quot;,&quot;_ob_glider_is_slider&quot;:&quot;no&quot;}\">\n\t\t\t\t\t\t<div class=\"elementor-container elementor-column-gap-default\">\n\t\t\t\t\t<div class=\"elementor-column elementor-col-100 elementor-top-column elementor-element elementor-element-7086550d\" data-id=\"7086550d\" data-element_type=\"column\" data-e-type=\"column\" data-settings=\"{&quot;_ob_bbad_is_stalker&quot;:&quot;no&quot;,&quot;_ob_teleporter_use&quot;:false,&quot;_ob_column_hoveranimator&quot;:&quot;no&quot;,&quot;_ob_column_has_pseudo&quot;:&quot;no&quot;}\">\n\t\t\t<div class=\"elementor-widget-wrap elementor-element-populated\">\n\t\t\t\t\t\t<div class=\"elementor-element elementor-element-5dab1154 ob-harakiri-inherit ob-has-background-overlay elementor-widget elementor-widget-text-editor\" data-id=\"5dab1154\" data-element_type=\"widget\" data-e-type=\"widget\" data-settings=\"{&quot;_ob_use_harakiri&quot;:&quot;yes&quot;,&quot;_ob_harakiri_writing_mode&quot;:&quot;inherit&quot;,&quot;_ob_postman_use&quot;:&quot;no&quot;,&quot;_ob_perspektive_use&quot;:&quot;no&quot;,&quot;_ob_poopart_use&quot;:&quot;yes&quot;,&quot;_ob_shadough_use&quot;:&quot;no&quot;,&quot;_ob_allow_hoveranimator&quot;:&quot;no&quot;,&quot;_ob_widget_stalker_use&quot;:&quot;no&quot;}\" data-widget_type=\"text-editor.default\">\n\t\t\t\t<div class=\"elementor-widget-container\">\n\t\t\t\t\t\t\t\t\t<p>Evo Va\u0161ih \u0161ablona!<\/p>\t\t\t\t\t\t\t\t<\/div>\n\t\t\t\t<\/div>\n\t\t\t\t<div class=\"elementor-element elementor-element-6002bca3 elementor-align-center elementor-mobile-align-center ob-has-background-overlay elementor-widget elementor-widget-button\" data-id=\"6002bca3\" data-element_type=\"widget\" data-e-type=\"widget\" data-settings=\"{&quot;_ob_butterbutton_use_it&quot;:&quot;no&quot;,&quot;_ob_perspektive_use&quot;:&quot;no&quot;,&quot;_ob_poopart_use&quot;:&quot;yes&quot;,&quot;_ob_shadough_use&quot;:&quot;no&quot;,&quot;_ob_allow_hoveranimator&quot;:&quot;no&quot;,&quot;_ob_widget_stalker_use&quot;:&quot;no&quot;}\" data-widget_type=\"button.default\">\n\t\t\t\t<div class=\"elementor-widget-container\">\n\t\t\t\t\t\t\t\t\t<div class=\"elementor-button-wrapper\">\n\t\t\t\t\t<a class=\"elementor-button elementor-button-link elementor-size-sm\" href=\"#\">\n\t\t\t\t\t\t<span class=\"elementor-button-content-wrapper\">\n\t\t\t\t\t\t\t\t\t<span class=\"elementor-button-text\">Preuzmite \u0161ablone<\/span>\n\t\t\t\t\t<\/span>\n\t\t\t\t\t<\/a>\n\t\t\t\t<\/div>\n\t\t\t\t\t\t\t\t<\/div>\n\t\t\t\t<\/div>\n\t\t\t\t\t<\/div>\n\t\t<\/div>\n\t\t\t\t\t<\/div>\n\t\t<\/section>\n\t\t\t\t<\/div>\n\t\t","protected":false},"excerpt":{"rendered":"<p>Paket osnovnih online medija Unapredite svoj medij sa tri paketa dokumenata koje mo\u017eete da preuzmete, prilagodite i koristite potpuno besplatno. Evo Va\u0161ih \u0161ablona! Preuzmite \u0161ablone<\/p>\n","protected":false},"author":62,"featured_media":0,"parent":0,"menu_order":0,"comment_status":"closed","ping_status":"closed","template":"page-download-templats.php","meta":{"_acf_changed":false,"site-sidebar-layout":"no-sidebar","site-content-layout":"page-builder","ast-site-content-layout":"default","site-content-style":"default","site-sidebar-style":"default","ast-global-header-display":"","ast-banner-title-visibility":"","ast-main-header-display":"","ast-hfb-above-header-display":"","ast-hfb-below-header-display":"","ast-hfb-mobile-header-display":"","site-post-title":"disabled","ast-breadcrumbs-content":"","ast-featured-img":"disabled","footer-sml-layout":"","ast-disable-related-posts":"","theme-transparent-header-meta":"","adv-header-id-meta":"","stick-header-meta":"","header-above-stick-meta":"","header-main-stick-meta":"","header-below-stick-meta":"","astra-migrate-meta-layouts":"default","ast-page-background-enabled":"default","ast-page-background-meta":{"desktop":{"background-color":"","background-image":"","background-repeat":"repeat","background-position":"center center","background-size":"auto","background-attachment":"scroll","background-type":"","background-media":"","overlay-type":"","overlay-color":"","overlay-opacity":"","overlay-gradient":""},"tablet":{"background-color":"","background-image":"","background-repeat":"repeat","background-position":"center center","background-size":"auto","background-attachment":"scroll","background-type":"","background-media":"","overlay-type":"","overlay-color":"","overlay-opacity":"","overlay-gradient":""},"mobile":{"background-color":"","background-image":"","background-repeat":"repeat","background-position":"center center","background-size":"auto","background-attachment":"scroll","background-type":"","background-media":"","overlay-type":"","overlay-color":"","overlay-opacity":"","overlay-gradient":""}},"ast-content-background-meta":{"desktop":{"background-color":"var(--ast-global-color-5)","background-image":"","background-repeat":"repeat","background-position":"center center","background-size":"auto","background-attachment":"scroll","background-type":"","background-media":"","overlay-type":"","overlay-color":"","overlay-opacity":"","overlay-gradient":""},"tablet":{"background-color":"var(--ast-global-color-5)","background-image":"","background-repeat":"repeat","background-position":"center center","background-size":"auto","background-attachment":"scroll","background-type":"","background-media":"","overlay-type":"","overlay-color":"","overlay-opacity":"","overlay-gradient":""},"mobile":{"background-color":"var(--ast-global-color-5)","background-image":"","background-repeat":"repeat","background-position":"center center","background-size":"auto","background-attachment":"scroll","background-type":"","background-media":"","overlay-type":"","overlay-color":"","overlay-opacity":"","overlay-gradient":""}},"footnotes":""},"class_list":["post-14920","page","type-page","status-publish","hentry","ciTrackContent"],"acf":[],"yoast_head":"<!-- This site is optimized with the Yoast SEO plugin v27.3 - https:\/\/yoast.com\/product\/yoast-seo-wordpress\/ -->\n<title>\u0160abloni paketa osnovnih online medija - Journalift<\/title>\n<meta name=\"robots\" content=\"index, follow, max-snippet:-1, max-image-preview:large, max-video-preview:-1\" \/>\n<link rel=\"canonical\" href=\"https:\/\/journalift.org\/bhsc\/online-media-essentials-paket-sabloni\/\" \/>\n<meta property=\"og:locale\" content=\"bs_BA\" \/>\n<meta property=\"og:type\" content=\"article\" \/>\n<meta property=\"og:title\" content=\"\u0160abloni paketa osnovnih online medija - Journalift\" \/>\n<meta property=\"og:description\" content=\"Paket osnovnih online medija Unapredite svoj medij sa tri paketa dokumenata koje mo\u017eete da preuzmete, prilagodite i koristite potpuno besplatno. Evo Va\u0161ih \u0161ablona! Preuzmite \u0161ablone\" \/>\n<meta property=\"og:url\" content=\"https:\/\/journalift.org\/bhsc\/online-media-essentials-paket-sabloni\/\" \/>\n<meta property=\"og:site_name\" content=\"Journalift\" \/>\n<meta property=\"article:modified_time\" content=\"2022-05-16T14:47:04+00:00\" \/>\n<meta name=\"twitter:card\" content=\"summary_large_image\" \/>\n<meta name=\"twitter:label1\" content=\"Est. reading time\" \/>\n\t<meta name=\"twitter:data1\" content=\"1 minuta\" \/>\n<script type=\"application\/ld+json\" class=\"yoast-schema-graph\">{\"@context\":\"https:\\\/\\\/schema.org\",\"@graph\":[{\"@type\":\"WebPage\",\"@id\":\"https:\\\/\\\/journalift.org\\\/bhsc\\\/online-media-essentials-paket-sabloni\\\/\",\"url\":\"https:\\\/\\\/journalift.org\\\/bhsc\\\/online-media-essentials-paket-sabloni\\\/\",\"name\":\"\u0160abloni paketa osnovnih online medija - Journalift\",\"isPartOf\":{\"@id\":\"https:\\\/\\\/journalift.org\\\/bhsc\\\/#website\"},\"datePublished\":\"2022-05-11T14:34:59+00:00\",\"dateModified\":\"2022-05-16T14:47:04+00:00\",\"breadcrumb\":{\"@id\":\"https:\\\/\\\/journalift.org\\\/bhsc\\\/online-media-essentials-paket-sabloni\\\/#breadcrumb\"},\"inLanguage\":\"bs-BA\",\"potentialAction\":[{\"@type\":\"ReadAction\",\"target\":[\"https:\\\/\\\/journalift.org\\\/bhsc\\\/online-media-essentials-paket-sabloni\\\/\"]}]},{\"@type\":\"BreadcrumbList\",\"@id\":\"https:\\\/\\\/journalift.org\\\/bhsc\\\/online-media-essentials-paket-sabloni\\\/#breadcrumb\",\"itemListElement\":[{\"@type\":\"ListItem\",\"position\":1,\"name\":\"Home\",\"item\":\"https:\\\/\\\/journalift.org\\\/bhsc\\\/\"},{\"@type\":\"ListItem\",\"position\":2,\"name\":\"\u0160abloni paketa osnovnih online medija\"}]},{\"@type\":\"WebSite\",\"@id\":\"https:\\\/\\\/journalift.org\\\/bhsc\\\/#website\",\"url\":\"https:\\\/\\\/journalift.org\\\/bhsc\\\/\",\"name\":\"Journalift\",\"description\":\"Journalift\",\"publisher\":{\"@id\":\"https:\\\/\\\/journalift.org\\\/bhsc\\\/#organization\"},\"potentialAction\":[{\"@type\":\"SearchAction\",\"target\":{\"@type\":\"EntryPoint\",\"urlTemplate\":\"https:\\\/\\\/journalift.org\\\/bhsc\\\/?s={search_term_string}\"},\"query-input\":{\"@type\":\"PropertyValueSpecification\",\"valueRequired\":true,\"valueName\":\"search_term_string\"}}],\"inLanguage\":\"bs-BA\"},{\"@type\":\"Organization\",\"@id\":\"https:\\\/\\\/journalift.org\\\/bhsc\\\/#organization\",\"name\":\"Journalift\",\"url\":\"https:\\\/\\\/journalift.org\\\/bhsc\\\/\",\"logo\":{\"@type\":\"ImageObject\",\"inLanguage\":\"bs-BA\",\"@id\":\"https:\\\/\\\/journalift.org\\\/bhsc\\\/#\\\/schema\\\/logo\\\/image\\\/\",\"url\":\"https:\\\/\\\/journalift.org\\\/wp-content\\\/uploads\\\/2021\\\/04\\\/Journalift-negative.png\",\"contentUrl\":\"https:\\\/\\\/journalift.org\\\/wp-content\\\/uploads\\\/2021\\\/04\\\/Journalift-negative.png\",\"width\":327,\"height\":104,\"caption\":\"Journalift\"},\"image\":{\"@id\":\"https:\\\/\\\/journalift.org\\\/bhsc\\\/#\\\/schema\\\/logo\\\/image\\\/\"}}]}<\/script>\n<!-- \/ Yoast SEO plugin. -->","yoast_head_json":{"title":"\u0160abloni paketa osnovnih online medija - Journalift","robots":{"index":"index","follow":"follow","max-snippet":"max-snippet:-1","max-image-preview":"max-image-preview:large","max-video-preview":"max-video-preview:-1"},"canonical":"https:\/\/journalift.org\/bhsc\/online-media-essentials-paket-sabloni\/","og_locale":"bs_BA","og_type":"article","og_title":"\u0160abloni paketa osnovnih online medija - Journalift","og_description":"Paket osnovnih online medija Unapredite svoj medij sa tri paketa dokumenata koje mo\u017eete da preuzmete, prilagodite i koristite potpuno besplatno. Evo Va\u0161ih \u0161ablona! Preuzmite \u0161ablone","og_url":"https:\/\/journalift.org\/bhsc\/online-media-essentials-paket-sabloni\/","og_site_name":"Journalift","article_modified_time":"2022-05-16T14:47:04+00:00","twitter_card":"summary_large_image","twitter_misc":{"Est. reading time":"1 minuta"},"schema":{"@context":"https:\/\/schema.org","@graph":[{"@type":"WebPage","@id":"https:\/\/journalift.org\/bhsc\/online-media-essentials-paket-sabloni\/","url":"https:\/\/journalift.org\/bhsc\/online-media-essentials-paket-sabloni\/","name":"\u0160abloni paketa osnovnih online medija - Journalift","isPartOf":{"@id":"https:\/\/journalift.org\/bhsc\/#website"},"datePublished":"2022-05-11T14:34:59+00:00","dateModified":"2022-05-16T14:47:04+00:00","breadcrumb":{"@id":"https:\/\/journalift.org\/bhsc\/online-media-essentials-paket-sabloni\/#breadcrumb"},"inLanguage":"bs-BA","potentialAction":[{"@type":"ReadAction","target":["https:\/\/journalift.org\/bhsc\/online-media-essentials-paket-sabloni\/"]}]},{"@type":"BreadcrumbList","@id":"https:\/\/journalift.org\/bhsc\/online-media-essentials-paket-sabloni\/#breadcrumb","itemListElement":[{"@type":"ListItem","position":1,"name":"Home","item":"https:\/\/journalift.org\/bhsc\/"},{"@type":"ListItem","position":2,"name":"\u0160abloni paketa osnovnih online medija"}]},{"@type":"WebSite","@id":"https:\/\/journalift.org\/bhsc\/#website","url":"https:\/\/journalift.org\/bhsc\/","name":"Journalift","description":"Journalift","publisher":{"@id":"https:\/\/journalift.org\/bhsc\/#organization"},"potentialAction":[{"@type":"SearchAction","target":{"@type":"EntryPoint","urlTemplate":"https:\/\/journalift.org\/bhsc\/?s={search_term_string}"},"query-input":{"@type":"PropertyValueSpecification","valueRequired":true,"valueName":"search_term_string"}}],"inLanguage":"bs-BA"},{"@type":"Organization","@id":"https:\/\/journalift.org\/bhsc\/#organization","name":"Journalift","url":"https:\/\/journalift.org\/bhsc\/","logo":{"@type":"ImageObject","inLanguage":"bs-BA","@id":"https:\/\/journalift.org\/bhsc\/#\/schema\/logo\/image\/","url":"https:\/\/journalift.org\/wp-content\/uploads\/2021\/04\/Journalift-negative.png","contentUrl":"https:\/\/journalift.org\/wp-content\/uploads\/2021\/04\/Journalift-negative.png","width":327,"height":104,"caption":"Journalift"},"image":{"@id":"https:\/\/journalift.org\/bhsc\/#\/schema\/logo\/image\/"}}]}},"_links":{"self":[{"href":"https:\/\/journalift.org\/bhsc\/wp-json\/wp\/v2\/pages\/14920","targetHints":{"allow":["GET"]}}],"collection":[{"href":"https:\/\/journalift.org\/bhsc\/wp-json\/wp\/v2\/pages"}],"about":[{"href":"https:\/\/journalift.org\/bhsc\/wp-json\/wp\/v2\/types\/page"}],"author":[{"embeddable":true,"href":"https:\/\/journalift.org\/bhsc\/wp-json\/wp\/v2\/users\/62"}],"replies":[{"embeddable":true,"href":"https:\/\/journalift.org\/bhsc\/wp-json\/wp\/v2\/comments?post=14920"}],"version-history":[{"count":5,"href":"https:\/\/journalift.org\/bhsc\/wp-json\/wp\/v2\/pages\/14920\/revisions"}],"predecessor-version":[{"id":15562,"href":"https:\/\/journalift.org\/bhsc\/wp-json\/wp\/v2\/pages\/14920\/revisions\/15562"}],"wp:attachment":[{"href":"https:\/\/journalift.org\/bhsc\/wp-json\/wp\/v2\/media?parent=14920"}],"curies":[{"name":"wp","href":"https:\/\/api.w.org\/{rel}","templated":true}]}}