{"id":4419,"date":"2021-05-17T09:27:06","date_gmt":"2021-05-17T09:27:06","guid":{"rendered":"https:\/\/journalift.org\/lajmerime\/"},"modified":"2021-07-01T11:08:38","modified_gmt":"2021-07-01T11:08:38","slug":"lajmerime","status":"publish","type":"page","link":"https:\/\/journalift.org\/sq\/lajmerime\/","title":{"rendered":"Lajmerime"},"content":{"rendered":"\t\t<div data-elementor-type=\"wp-page\" data-elementor-id=\"4419\" class=\"elementor elementor-4419 elementor-921\" data-elementor-post-type=\"page\">\n\t\t\t\t\t\t<section class=\"ob-is-breaking-bad elementor-section elementor-top-section elementor-element elementor-element-27b84b60 elementor-section-content-middle elementor-section-boxed elementor-section-height-default elementor-section-height-default\" data-id=\"27b84b60\" data-element_type=\"section\" data-e-type=\"section\" data-settings=\"{&quot;background_background&quot;:&quot;classic&quot;,&quot;_ob_bbad_use_it&quot;:&quot;yes&quot;,&quot;_ob_bbad_sssic_use&quot;:&quot;no&quot;,&quot;_ob_glider_is_slider&quot;:&quot;no&quot;}\">\n\t\t\t\t\t\t\t<div class=\"elementor-background-overlay\"><\/div>\n\t\t\t\t\t\t\t<div class=\"elementor-container elementor-column-gap-no\">\n\t\t\t\t\t<div class=\"elementor-column elementor-col-100 elementor-top-column elementor-element elementor-element-69e6516e\" data-id=\"69e6516e\" data-element_type=\"column\" data-e-type=\"column\" data-settings=\"{&quot;_ob_bbad_is_stalker&quot;:&quot;no&quot;,&quot;_ob_teleporter_use&quot;:false,&quot;_ob_column_hoveranimator&quot;:&quot;no&quot;,&quot;_ob_column_has_pseudo&quot;:&quot;no&quot;}\">\n\t\t\t<div class=\"elementor-widget-wrap elementor-element-populated\">\n\t\t\t\t\t\t<section class=\"ob-is-breaking-bad ob-bb-inner elementor-section elementor-inner-section elementor-element elementor-element-5de43bc3 elementor-section-content-middle elementor-section-boxed elementor-section-height-default elementor-section-height-default\" data-id=\"5de43bc3\" data-element_type=\"section\" data-e-type=\"section\" data-settings=\"{&quot;_ob_bbad_use_it&quot;:&quot;yes&quot;,&quot;_ob_bbad_sssic_use&quot;:&quot;no&quot;,&quot;_ob_glider_is_slider&quot;:&quot;no&quot;}\">\n\t\t\t\t\t\t<div class=\"elementor-container elementor-column-gap-no\">\n\t\t\t\t\t<div class=\"elementor-column elementor-col-50 elementor-inner-column elementor-element elementor-element-6890371d\" data-id=\"6890371d\" data-element_type=\"column\" data-e-type=\"column\" data-settings=\"{&quot;_ob_bbad_is_stalker&quot;:&quot;no&quot;,&quot;_ob_teleporter_use&quot;:false,&quot;_ob_column_hoveranimator&quot;:&quot;no&quot;,&quot;_ob_column_has_pseudo&quot;:&quot;no&quot;}\">\n\t\t\t<div class=\"elementor-widget-wrap elementor-element-populated\">\n\t\t\t\t\t\t<div class=\"elementor-element elementor-element-7782549f elementor-hidden-desktop ob-has-background-overlay elementor-widget elementor-widget-image\" data-id=\"7782549f\" data-element_type=\"widget\" data-e-type=\"widget\" data-settings=\"{&quot;_ob_photomorph_use&quot;:&quot;no&quot;,&quot;_ob_perspektive_use&quot;:&quot;no&quot;,&quot;_ob_poopart_use&quot;:&quot;yes&quot;,&quot;_ob_shadough_use&quot;:&quot;no&quot;,&quot;_ob_allow_hoveranimator&quot;:&quot;no&quot;,&quot;_ob_widget_stalker_use&quot;:&quot;no&quot;}\" data-widget_type=\"image.default\">\n\t\t\t\t<div class=\"elementor-widget-container\">\n\t\t\t\t\t\t\t\t\t\t\t\t\t\t\t<img fetchpriority=\"high\" decoding=\"async\" width=\"1024\" height=\"778\" src=\"https:\/\/journalift.org\/wp-content\/uploads\/2021\/04\/Share-your-story@2x-1024x778.png\" class=\"attachment-large size-large wp-image-1334\" alt=\"\" srcset=\"https:\/\/journalift.org\/wp-content\/uploads\/2021\/04\/Share-your-story@2x-1024x778.png 1024w, https:\/\/journalift.org\/wp-content\/uploads\/2021\/04\/Share-your-story@2x-300x228.png 300w, https:\/\/journalift.org\/wp-content\/uploads\/2021\/04\/Share-your-story@2x-768x583.png 768w, https:\/\/journalift.org\/wp-content\/uploads\/2021\/04\/Share-your-story@2x-1536x1166.png 1536w, https:\/\/journalift.org\/wp-content\/uploads\/2021\/04\/Share-your-story@2x.png 1720w\" sizes=\"(max-width: 1024px) 100vw, 1024px\" \/>\t\t\t\t\t\t\t\t\t\t\t\t\t\t\t<\/div>\n\t\t\t\t<\/div>\n\t\t\t\t<div class=\"elementor-element elementor-element-6929f699 ob-harakiri-inherit ob-has-background-overlay elementor-widget elementor-widget-heading\" data-id=\"6929f699\" data-element_type=\"widget\" data-e-type=\"widget\" data-settings=\"{&quot;_ob_use_harakiri&quot;:&quot;yes&quot;,&quot;_ob_harakiri_writing_mode&quot;:&quot;inherit&quot;,&quot;_ob_harakiri_text_clip&quot;:&quot;none&quot;,&quot;_ob_perspektive_use&quot;:&quot;no&quot;,&quot;_ob_poopart_use&quot;:&quot;yes&quot;,&quot;_ob_shadough_use&quot;:&quot;no&quot;,&quot;_ob_allow_hoveranimator&quot;:&quot;no&quot;,&quot;_ob_widget_stalker_use&quot;:&quot;no&quot;}\" data-widget_type=\"heading.default\">\n\t\t\t\t<div class=\"elementor-widget-container\">\n\t\t\t\t\t<h2 class=\"elementor-heading-title elementor-size-default\">Mos humb asnj\u00eb histori!<\/h2>\t\t\t\t<\/div>\n\t\t\t\t<\/div>\n\t\t\t\t<div class=\"elementor-element elementor-element-6cad996c ob-harakiri-inherit ob-has-background-overlay elementor-widget elementor-widget-text-editor\" data-id=\"6cad996c\" data-element_type=\"widget\" data-e-type=\"widget\" data-settings=\"{&quot;_ob_use_harakiri&quot;:&quot;yes&quot;,&quot;_ob_harakiri_writing_mode&quot;:&quot;inherit&quot;,&quot;_ob_postman_use&quot;:&quot;no&quot;,&quot;_ob_perspektive_use&quot;:&quot;no&quot;,&quot;_ob_poopart_use&quot;:&quot;yes&quot;,&quot;_ob_shadough_use&quot;:&quot;no&quot;,&quot;_ob_allow_hoveranimator&quot;:&quot;no&quot;,&quot;_ob_widget_stalker_use&quot;:&quot;no&quot;}\" data-widget_type=\"text-editor.default\">\n\t\t\t\t<div class=\"elementor-widget-container\">\n\t\t\t\t\t\t\t\t\t<p>Regjistrohu n\u00eb buletinin ton\u00eb p\u00ebr t\u00eb marr\u00eb historit\u00eb m\u00eb t\u00eb fundit t\u00eb zhvillimeve n\u00eb media, burime t\u00eb vlefshme p\u00ebr rritjen e biznesit tuaj mediatik apo lajme mbi mund\u00ebsi trajnimi.<\/p>\n\t\t\t\t\t\t\t\t<\/div>\n\t\t\t\t<\/div>\n\t\t\t\t<div class=\"elementor-element elementor-element-5316de0e elementor-button-align-center elementor-mobile-button-align-center ob-has-background-overlay elementor-widget elementor-widget-form\" data-id=\"5316de0e\" data-element_type=\"widget\" data-e-type=\"widget\" data-settings=\"{&quot;step_next_label&quot;:&quot;Next&quot;,&quot;step_previous_label&quot;:&quot;Previous&quot;,&quot;button_width_mobile&quot;:&quot;100&quot;,&quot;button_width&quot;:&quot;100&quot;,&quot;step_type&quot;:&quot;number_text&quot;,&quot;step_icon_shape&quot;:&quot;circle&quot;,&quot;_ob_perspektive_use&quot;:&quot;no&quot;,&quot;_ob_poopart_use&quot;:&quot;yes&quot;,&quot;_ob_shadough_use&quot;:&quot;no&quot;,&quot;_ob_allow_hoveranimator&quot;:&quot;no&quot;,&quot;_ob_widget_stalker_use&quot;:&quot;no&quot;}\" data-widget_type=\"form.default\">\n\t\t\t\t<div class=\"elementor-widget-container\">\n\t\t\t\t\t\t\t<form class=\"elementor-form\" method=\"post\" name=\"Newsletter Form\" aria-label=\"Newsletter Form\">\n\t\t\t<input type=\"hidden\" name=\"post_id\" value=\"4419\"\/>\n\t\t\t<input type=\"hidden\" name=\"form_id\" value=\"5316de0e\"\/>\n\t\t\t<input type=\"hidden\" name=\"referer_title\" value=\"Lajmerime - Journalift\" \/>\n\n\t\t\t\t\t\t\t<input type=\"hidden\" name=\"queried_id\" value=\"4419\"\/>\n\t\t\t\n\t\t\t<div class=\"elementor-form-fields-wrapper elementor-labels-\">\n\t\t\t\t\t\t\t\t<div class=\"elementor-field-type-text elementor-field-group elementor-column elementor-field-group-name elementor-col-50 elementor-field-required\">\n\t\t\t\t\t\t\t\t\t\t\t\t<label for=\"form-field-name\" class=\"elementor-field-label elementor-screen-only\">\n\t\t\t\t\t\t\t\tEm\u00ebr\t\t\t\t\t\t\t<\/label>\n\t\t\t\t\t\t\t\t\t\t\t\t\t\t<input size=\"1\" type=\"text\" name=\"form_fields[name]\" id=\"form-field-name\" class=\"elementor-field elementor-size-sm  elementor-field-textual\" placeholder=\"Em\u00ebr*\" required=\"required\">\n\t\t\t\t\t\t\t\t\t\t\t<\/div>\n\t\t\t\t\t\t\t\t<div class=\"elementor-field-type-text elementor-field-group elementor-column elementor-field-group-field_929af9c elementor-col-50 elementor-field-required\">\n\t\t\t\t\t\t\t\t\t\t\t\t<label for=\"form-field-field_929af9c\" class=\"elementor-field-label elementor-screen-only\">\n\t\t\t\t\t\t\t\tMbiem\u00ebr\t\t\t\t\t\t\t<\/label>\n\t\t\t\t\t\t\t\t\t\t\t\t\t\t<input size=\"1\" type=\"text\" name=\"form_fields[field_929af9c]\" id=\"form-field-field_929af9c\" class=\"elementor-field elementor-size-sm  elementor-field-textual\" placeholder=\"Mbiem\u00ebr*\" required=\"required\">\n\t\t\t\t\t\t\t\t\t\t\t<\/div>\n\t\t\t\t\t\t\t\t<div class=\"elementor-field-type-email elementor-field-group elementor-column elementor-field-group-email elementor-col-100 elementor-field-required\">\n\t\t\t\t\t\t\t\t\t\t\t\t<label for=\"form-field-email\" class=\"elementor-field-label elementor-screen-only\">\n\t\t\t\t\t\t\t\tAdresa email\t\t\t\t\t\t\t<\/label>\n\t\t\t\t\t\t\t\t\t\t\t\t\t\t<input size=\"1\" type=\"email\" name=\"form_fields[email]\" id=\"form-field-email\" class=\"elementor-field elementor-size-sm  elementor-field-textual\" placeholder=\"Adresa email*\" required=\"required\">\n\t\t\t\t\t\t\t\t\t\t\t<\/div>\n\t\t\t\t\t\t\t\t<div class=\"elementor-field-type-acceptance elementor-field-group elementor-column elementor-field-group-field_039903c elementor-col-100 elementor-field-required\">\n\t\t\t\t\t\t\t<div class=\"elementor-field-subgroup\">\n\t\t\t<span class=\"elementor-field-option\">\n\t\t\t\t<input type=\"checkbox\" name=\"form_fields[field_039903c]\" id=\"form-field-field_039903c\" class=\"elementor-field elementor-size-sm  elementor-acceptance-field\" required=\"required\">\n\t\t\t\t<label for=\"form-field-field_039903c\">Pranoj Politikat e Privat\u00ebsis\u00eb t\u00eb cilat mund t\u00eb lexohen <a href=\"https:\/\/journalift.org\/privacy-policy\/\">k\u00ebtu<\/a>.<\/label>\t\t\t<\/span>\n\t\t<\/div>\n\t\t\t\t\t\t<\/div>\n\t\t\t\t\t\t\t\t<div class=\"elementor-field-group elementor-column elementor-field-type-submit elementor-col-100 e-form__buttons elementor-sm-100\">\n\t\t\t\t\t<button class=\"elementor-button elementor-size-md\" type=\"submit\">\n\t\t\t\t\t\t<span class=\"elementor-button-content-wrapper\">\n\t\t\t\t\t\t\t\t\t\t\t\t\t\t\t\t\t\t\t\t\t\t<span class=\"elementor-button-text\">Regjistrohu<\/span>\n\t\t\t\t\t\t\t\t\t\t\t\t\t<\/span>\n\t\t\t\t\t<\/button>\n\t\t\t\t<\/div>\n\t\t\t<\/div>\n\t\t<\/form>\n\t\t\t\t\t\t<\/div>\n\t\t\t\t<\/div>\n\t\t\t\t\t<\/div>\n\t\t<\/div>\n\t\t\t\t<div class=\"elementor-column elementor-col-50 elementor-inner-column elementor-element elementor-element-1efcf5d0\" data-id=\"1efcf5d0\" data-element_type=\"column\" data-e-type=\"column\" data-settings=\"{&quot;background_background&quot;:&quot;classic&quot;,&quot;_ob_bbad_is_stalker&quot;:&quot;no&quot;,&quot;_ob_teleporter_use&quot;:false,&quot;_ob_column_hoveranimator&quot;:&quot;no&quot;,&quot;_ob_column_has_pseudo&quot;:&quot;no&quot;}\">\n\t\t\t<div class=\"elementor-widget-wrap elementor-element-populated\">\n\t\t\t\t\t\t<div class=\"elementor-element elementor-element-7f5592f9 elementor-hidden-tablet elementor-hidden-phone ob-has-background-overlay elementor-widget elementor-widget-image\" data-id=\"7f5592f9\" data-element_type=\"widget\" data-e-type=\"widget\" data-settings=\"{&quot;_ob_photomorph_use&quot;:&quot;no&quot;,&quot;_ob_perspektive_use&quot;:&quot;no&quot;,&quot;_ob_poopart_use&quot;:&quot;yes&quot;,&quot;_ob_shadough_use&quot;:&quot;no&quot;,&quot;_ob_allow_hoveranimator&quot;:&quot;no&quot;,&quot;_ob_widget_stalker_use&quot;:&quot;no&quot;}\" data-widget_type=\"image.default\">\n\t\t\t\t<div class=\"elementor-widget-container\">\n\t\t\t\t\t\t\t\t\t\t\t\t\t\t\t<img fetchpriority=\"high\" decoding=\"async\" width=\"1024\" height=\"778\" src=\"https:\/\/journalift.org\/wp-content\/uploads\/2021\/04\/Share-your-story@2x-1024x778.png\" class=\"attachment-large size-large wp-image-1334\" alt=\"\" srcset=\"https:\/\/journalift.org\/wp-content\/uploads\/2021\/04\/Share-your-story@2x-1024x778.png 1024w, https:\/\/journalift.org\/wp-content\/uploads\/2021\/04\/Share-your-story@2x-300x228.png 300w, https:\/\/journalift.org\/wp-content\/uploads\/2021\/04\/Share-your-story@2x-768x583.png 768w, https:\/\/journalift.org\/wp-content\/uploads\/2021\/04\/Share-your-story@2x-1536x1166.png 1536w, https:\/\/journalift.org\/wp-content\/uploads\/2021\/04\/Share-your-story@2x.png 1720w\" sizes=\"(max-width: 1024px) 100vw, 1024px\" \/>\t\t\t\t\t\t\t\t\t\t\t\t\t\t\t<\/div>\n\t\t\t\t<\/div>\n\t\t\t\t\t<\/div>\n\t\t<\/div>\n\t\t\t\t\t<\/div>\n\t\t<\/section>\n\t\t\t\t\t<\/div>\n\t\t<\/div>\n\t\t\t\t\t<\/div>\n\t\t<\/section>\n\t\t\t\t<\/div>\n\t\t","protected":false},"excerpt":{"rendered":"<p>Mos humb asnj\u00eb histori! Regjistrohu n\u00eb buletinin ton\u00eb p\u00ebr t\u00eb marr\u00eb historit\u00eb m\u00eb t\u00eb fundit t\u00eb zhvillimeve n\u00eb media, burime t\u00eb vlefshme p\u00ebr rritjen e biznesit tuaj mediatik apo lajme mbi mund\u00ebsi trajnimi.<\/p>\n","protected":false},"author":3,"featured_media":0,"parent":0,"menu_order":0,"comment_status":"closed","ping_status":"closed","template":"","meta":{"_acf_changed":false,"site-sidebar-layout":"no-sidebar","site-content-layout":"page-builder","ast-site-content-layout":"default","site-content-style":"default","site-sidebar-style":"default","ast-global-header-display":"","ast-banner-title-visibility":"","ast-main-header-display":"","ast-hfb-above-header-display":"","ast-hfb-below-header-display":"","ast-hfb-mobile-header-display":"","site-post-title":"disabled","ast-breadcrumbs-content":"","ast-featured-img":"disabled","footer-sml-layout":"","ast-disable-related-posts":"","theme-transparent-header-meta":"default","adv-header-id-meta":"","stick-header-meta":"","header-above-stick-meta":"","header-main-stick-meta":"","header-below-stick-meta":"","astra-migrate-meta-layouts":"default","ast-page-background-enabled":"default","ast-page-background-meta":{"desktop":{"background-color":"","background-image":"","background-repeat":"repeat","background-position":"center center","background-size":"auto","background-attachment":"scroll","background-type":"","background-media":"","overlay-type":"","overlay-color":"","overlay-opacity":"","overlay-gradient":""},"tablet":{"background-color":"","background-image":"","background-repeat":"repeat","background-position":"center center","background-size":"auto","background-attachment":"scroll","background-type":"","background-media":"","overlay-type":"","overlay-color":"","overlay-opacity":"","overlay-gradient":""},"mobile":{"background-color":"","background-image":"","background-repeat":"repeat","background-position":"center center","background-size":"auto","background-attachment":"scroll","background-type":"","background-media":"","overlay-type":"","overlay-color":"","overlay-opacity":"","overlay-gradient":""}},"ast-content-background-meta":{"desktop":{"background-color":"var(--ast-global-color-5)","background-image":"","background-repeat":"repeat","background-position":"center center","background-size":"auto","background-attachment":"scroll","background-type":"","background-media":"","overlay-type":"","overlay-color":"","overlay-opacity":"","overlay-gradient":""},"tablet":{"background-color":"var(--ast-global-color-5)","background-image":"","background-repeat":"repeat","background-position":"center center","background-size":"auto","background-attachment":"scroll","background-type":"","background-media":"","overlay-type":"","overlay-color":"","overlay-opacity":"","overlay-gradient":""},"mobile":{"background-color":"var(--ast-global-color-5)","background-image":"","background-repeat":"repeat","background-position":"center center","background-size":"auto","background-attachment":"scroll","background-type":"","background-media":"","overlay-type":"","overlay-color":"","overlay-opacity":"","overlay-gradient":""}},"footnotes":""},"class_list":["post-4419","page","type-page","status-publish","hentry","ciTrackContent"],"acf":[],"yoast_head":"<!-- This site is optimized with the Yoast SEO plugin v27.4 - https:\/\/yoast.com\/product\/yoast-seo-wordpress\/ -->\n<title>Lajmerime - Journalift<\/title>\n<meta name=\"description\" content=\"Regjistrohu n\u00eb buletinin ton\u00eb p\u00ebr t\u00eb marr\u00eb historit\u00eb m\u00eb t\u00eb fundit t\u00eb zhvillimeve n\u00eb media, burime t\u00eb vlefshme p\u00ebr rritjen e biznesit tuaj mediatik apo lajme mbi mund\u00ebsi trajnimi.\" \/>\n<meta name=\"robots\" content=\"index, follow, max-snippet:-1, max-image-preview:large, max-video-preview:-1\" \/>\n<link rel=\"canonical\" href=\"https:\/\/journalift.org\/sq\/lajmerime\/\" \/>\n<meta property=\"og:locale\" content=\"sq_AL\" \/>\n<meta property=\"og:type\" content=\"article\" \/>\n<meta property=\"og:title\" content=\"Lajmerime - Journalift\" \/>\n<meta property=\"og:description\" content=\"Regjistrohu n\u00eb buletinin ton\u00eb p\u00ebr t\u00eb marr\u00eb historit\u00eb m\u00eb t\u00eb fundit t\u00eb zhvillimeve n\u00eb media, burime t\u00eb vlefshme p\u00ebr rritjen e biznesit tuaj mediatik apo lajme mbi mund\u00ebsi trajnimi.\" \/>\n<meta property=\"og:url\" content=\"https:\/\/journalift.org\/sq\/lajmerime\/\" \/>\n<meta property=\"og:site_name\" content=\"Journalift\" \/>\n<meta property=\"article:modified_time\" content=\"2021-07-01T11:08:38+00:00\" \/>\n<meta property=\"og:image\" content=\"https:\/\/journalift.org\/wp-content\/uploads\/2021\/04\/Share-your-story@2x-1024x778.png\" \/>\n<meta name=\"twitter:card\" content=\"summary_large_image\" \/>\n<meta name=\"twitter:label1\" content=\"Est. reading time\" \/>\n\t<meta name=\"twitter:data1\" content=\"1 minute\" \/>\n<script type=\"application\/ld+json\" class=\"yoast-schema-graph\">{\"@context\":\"https:\\\/\\\/schema.org\",\"@graph\":[{\"@type\":\"WebPage\",\"@id\":\"https:\\\/\\\/journalift.org\\\/sq\\\/lajmerime\\\/\",\"url\":\"https:\\\/\\\/journalift.org\\\/sq\\\/lajmerime\\\/\",\"name\":\"Lajmerime - Journalift\",\"isPartOf\":{\"@id\":\"https:\\\/\\\/journalift.org\\\/sq\\\/#website\"},\"primaryImageOfPage\":{\"@id\":\"https:\\\/\\\/journalift.org\\\/sq\\\/lajmerime\\\/#primaryimage\"},\"image\":{\"@id\":\"https:\\\/\\\/journalift.org\\\/sq\\\/lajmerime\\\/#primaryimage\"},\"thumbnailUrl\":\"https:\\\/\\\/journalift.org\\\/wp-content\\\/uploads\\\/2021\\\/04\\\/Share-your-story@2x-1024x778.png\",\"datePublished\":\"2021-05-17T09:27:06+00:00\",\"dateModified\":\"2021-07-01T11:08:38+00:00\",\"description\":\"Regjistrohu n\u00eb buletinin ton\u00eb p\u00ebr t\u00eb marr\u00eb historit\u00eb m\u00eb t\u00eb fundit t\u00eb zhvillimeve n\u00eb media, burime t\u00eb vlefshme p\u00ebr rritjen e biznesit tuaj mediatik apo lajme mbi mund\u00ebsi trajnimi.\",\"breadcrumb\":{\"@id\":\"https:\\\/\\\/journalift.org\\\/sq\\\/lajmerime\\\/#breadcrumb\"},\"inLanguage\":\"sq-AL\",\"potentialAction\":[{\"@type\":\"ReadAction\",\"target\":[\"https:\\\/\\\/journalift.org\\\/sq\\\/lajmerime\\\/\"]}]},{\"@type\":\"ImageObject\",\"inLanguage\":\"sq-AL\",\"@id\":\"https:\\\/\\\/journalift.org\\\/sq\\\/lajmerime\\\/#primaryimage\",\"url\":\"https:\\\/\\\/journalift.org\\\/wp-content\\\/uploads\\\/2021\\\/04\\\/Share-your-story@2x-1024x778.png\",\"contentUrl\":\"https:\\\/\\\/journalift.org\\\/wp-content\\\/uploads\\\/2021\\\/04\\\/Share-your-story@2x-1024x778.png\"},{\"@type\":\"BreadcrumbList\",\"@id\":\"https:\\\/\\\/journalift.org\\\/sq\\\/lajmerime\\\/#breadcrumb\",\"itemListElement\":[{\"@type\":\"ListItem\",\"position\":1,\"name\":\"Home\",\"item\":\"https:\\\/\\\/journalift.org\\\/sq\\\/\"},{\"@type\":\"ListItem\",\"position\":2,\"name\":\"Lajmerime\"}]},{\"@type\":\"WebSite\",\"@id\":\"https:\\\/\\\/journalift.org\\\/sq\\\/#website\",\"url\":\"https:\\\/\\\/journalift.org\\\/sq\\\/\",\"name\":\"Journalift\",\"description\":\"Journalift\",\"publisher\":{\"@id\":\"https:\\\/\\\/journalift.org\\\/sq\\\/#organization\"},\"potentialAction\":[{\"@type\":\"SearchAction\",\"target\":{\"@type\":\"EntryPoint\",\"urlTemplate\":\"https:\\\/\\\/journalift.org\\\/sq\\\/?s={search_term_string}\"},\"query-input\":{\"@type\":\"PropertyValueSpecification\",\"valueRequired\":true,\"valueName\":\"search_term_string\"}}],\"inLanguage\":\"sq-AL\"},{\"@type\":\"Organization\",\"@id\":\"https:\\\/\\\/journalift.org\\\/sq\\\/#organization\",\"name\":\"Journalift\",\"url\":\"https:\\\/\\\/journalift.org\\\/sq\\\/\",\"logo\":{\"@type\":\"ImageObject\",\"inLanguage\":\"sq-AL\",\"@id\":\"https:\\\/\\\/journalift.org\\\/sq\\\/#\\\/schema\\\/logo\\\/image\\\/\",\"url\":\"https:\\\/\\\/journalift.org\\\/wp-content\\\/uploads\\\/2021\\\/04\\\/Journalift-negative.png\",\"contentUrl\":\"https:\\\/\\\/journalift.org\\\/wp-content\\\/uploads\\\/2021\\\/04\\\/Journalift-negative.png\",\"width\":327,\"height\":104,\"caption\":\"Journalift\"},\"image\":{\"@id\":\"https:\\\/\\\/journalift.org\\\/sq\\\/#\\\/schema\\\/logo\\\/image\\\/\"}}]}<\/script>\n<!-- \/ Yoast SEO plugin. -->","yoast_head_json":{"title":"Lajmerime - Journalift","description":"Regjistrohu n\u00eb buletinin ton\u00eb p\u00ebr t\u00eb marr\u00eb historit\u00eb m\u00eb t\u00eb fundit t\u00eb zhvillimeve n\u00eb media, burime t\u00eb vlefshme p\u00ebr rritjen e biznesit tuaj mediatik apo lajme mbi mund\u00ebsi trajnimi.","robots":{"index":"index","follow":"follow","max-snippet":"max-snippet:-1","max-image-preview":"max-image-preview:large","max-video-preview":"max-video-preview:-1"},"canonical":"https:\/\/journalift.org\/sq\/lajmerime\/","og_locale":"sq_AL","og_type":"article","og_title":"Lajmerime - Journalift","og_description":"Regjistrohu n\u00eb buletinin ton\u00eb p\u00ebr t\u00eb marr\u00eb historit\u00eb m\u00eb t\u00eb fundit t\u00eb zhvillimeve n\u00eb media, burime t\u00eb vlefshme p\u00ebr rritjen e biznesit tuaj mediatik apo lajme mbi mund\u00ebsi trajnimi.","og_url":"https:\/\/journalift.org\/sq\/lajmerime\/","og_site_name":"Journalift","article_modified_time":"2021-07-01T11:08:38+00:00","og_image":[{"url":"https:\/\/journalift.org\/wp-content\/uploads\/2021\/04\/Share-your-story@2x-1024x778.png","type":"","width":"","height":""}],"twitter_card":"summary_large_image","twitter_misc":{"Est. reading time":"1 minute"},"schema":{"@context":"https:\/\/schema.org","@graph":[{"@type":"WebPage","@id":"https:\/\/journalift.org\/sq\/lajmerime\/","url":"https:\/\/journalift.org\/sq\/lajmerime\/","name":"Lajmerime - Journalift","isPartOf":{"@id":"https:\/\/journalift.org\/sq\/#website"},"primaryImageOfPage":{"@id":"https:\/\/journalift.org\/sq\/lajmerime\/#primaryimage"},"image":{"@id":"https:\/\/journalift.org\/sq\/lajmerime\/#primaryimage"},"thumbnailUrl":"https:\/\/journalift.org\/wp-content\/uploads\/2021\/04\/Share-your-story@2x-1024x778.png","datePublished":"2021-05-17T09:27:06+00:00","dateModified":"2021-07-01T11:08:38+00:00","description":"Regjistrohu n\u00eb buletinin ton\u00eb p\u00ebr t\u00eb marr\u00eb historit\u00eb m\u00eb t\u00eb fundit t\u00eb zhvillimeve n\u00eb media, burime t\u00eb vlefshme p\u00ebr rritjen e biznesit tuaj mediatik apo lajme mbi mund\u00ebsi trajnimi.","breadcrumb":{"@id":"https:\/\/journalift.org\/sq\/lajmerime\/#breadcrumb"},"inLanguage":"sq-AL","potentialAction":[{"@type":"ReadAction","target":["https:\/\/journalift.org\/sq\/lajmerime\/"]}]},{"@type":"ImageObject","inLanguage":"sq-AL","@id":"https:\/\/journalift.org\/sq\/lajmerime\/#primaryimage","url":"https:\/\/journalift.org\/wp-content\/uploads\/2021\/04\/Share-your-story@2x-1024x778.png","contentUrl":"https:\/\/journalift.org\/wp-content\/uploads\/2021\/04\/Share-your-story@2x-1024x778.png"},{"@type":"BreadcrumbList","@id":"https:\/\/journalift.org\/sq\/lajmerime\/#breadcrumb","itemListElement":[{"@type":"ListItem","position":1,"name":"Home","item":"https:\/\/journalift.org\/sq\/"},{"@type":"ListItem","position":2,"name":"Lajmerime"}]},{"@type":"WebSite","@id":"https:\/\/journalift.org\/sq\/#website","url":"https:\/\/journalift.org\/sq\/","name":"Journalift","description":"Journalift","publisher":{"@id":"https:\/\/journalift.org\/sq\/#organization"},"potentialAction":[{"@type":"SearchAction","target":{"@type":"EntryPoint","urlTemplate":"https:\/\/journalift.org\/sq\/?s={search_term_string}"},"query-input":{"@type":"PropertyValueSpecification","valueRequired":true,"valueName":"search_term_string"}}],"inLanguage":"sq-AL"},{"@type":"Organization","@id":"https:\/\/journalift.org\/sq\/#organization","name":"Journalift","url":"https:\/\/journalift.org\/sq\/","logo":{"@type":"ImageObject","inLanguage":"sq-AL","@id":"https:\/\/journalift.org\/sq\/#\/schema\/logo\/image\/","url":"https:\/\/journalift.org\/wp-content\/uploads\/2021\/04\/Journalift-negative.png","contentUrl":"https:\/\/journalift.org\/wp-content\/uploads\/2021\/04\/Journalift-negative.png","width":327,"height":104,"caption":"Journalift"},"image":{"@id":"https:\/\/journalift.org\/sq\/#\/schema\/logo\/image\/"}}]}},"_links":{"self":[{"href":"https:\/\/journalift.org\/sq\/wp-json\/wp\/v2\/pages\/4419","targetHints":{"allow":["GET"]}}],"collection":[{"href":"https:\/\/journalift.org\/sq\/wp-json\/wp\/v2\/pages"}],"about":[{"href":"https:\/\/journalift.org\/sq\/wp-json\/wp\/v2\/types\/page"}],"author":[{"embeddable":true,"href":"https:\/\/journalift.org\/sq\/wp-json\/wp\/v2\/users\/3"}],"replies":[{"embeddable":true,"href":"https:\/\/journalift.org\/sq\/wp-json\/wp\/v2\/comments?post=4419"}],"version-history":[{"count":5,"href":"https:\/\/journalift.org\/sq\/wp-json\/wp\/v2\/pages\/4419\/revisions"}],"predecessor-version":[{"id":7363,"href":"https:\/\/journalift.org\/sq\/wp-json\/wp\/v2\/pages\/4419\/revisions\/7363"}],"wp:attachment":[{"href":"https:\/\/journalift.org\/sq\/wp-json\/wp\/v2\/media?parent=4419"}],"curies":[{"name":"wp","href":"https:\/\/api.w.org\/{rel}","templated":true}]}}