{"id":4421,"date":"2021-05-17T09:28:21","date_gmt":"2021-05-17T09:28:21","guid":{"rendered":"https:\/\/journalift.org\/kontakti\/"},"modified":"2021-06-14T08:39:04","modified_gmt":"2021-06-14T08:39:04","slug":"kontakti","status":"publish","type":"page","link":"https:\/\/journalift.org\/sq\/kontakti\/","title":{"rendered":"Na kontaktoni"},"content":{"rendered":"\t\t<div data-elementor-type=\"wp-page\" data-elementor-id=\"4421\" class=\"elementor elementor-4421 elementor-2\" data-elementor-post-type=\"page\">\n\t\t\t\t\t\t<section class=\"ob-is-breaking-bad elementor-section elementor-top-section elementor-element elementor-element-5f71c66 elementor-section-boxed elementor-section-height-default elementor-section-height-default\" data-id=\"5f71c66\" data-element_type=\"section\" data-e-type=\"section\" data-settings=\"{&quot;_ob_bbad_use_it&quot;:&quot;yes&quot;,&quot;_ob_bbad_sssic_use&quot;:&quot;no&quot;,&quot;_ob_glider_is_slider&quot;:&quot;no&quot;}\">\n\t\t\t\t\t\t<div class=\"elementor-container elementor-column-gap-default\">\n\t\t\t\t\t<div class=\"elementor-column elementor-col-33 elementor-top-column elementor-element elementor-element-cb65822\" data-id=\"cb65822\" data-element_type=\"column\" data-e-type=\"column\" id=\"leftContact\" data-settings=\"{&quot;_ob_bbad_is_stalker&quot;:&quot;no&quot;,&quot;_ob_teleporter_use&quot;:false,&quot;_ob_column_hoveranimator&quot;:&quot;no&quot;,&quot;_ob_column_has_pseudo&quot;:&quot;no&quot;}\">\n\t\t\t<div class=\"elementor-widget-wrap elementor-element-populated\">\n\t\t\t\t\t\t<div class=\"elementor-element elementor-element-62fb06f elementor-hidden-phone ob-has-background-overlay elementor-widget elementor-widget-uael-retina-image\" data-id=\"62fb06f\" data-element_type=\"widget\" data-e-type=\"widget\" data-settings=\"{&quot;align&quot;:&quot;center&quot;,&quot;width&quot;:{&quot;unit&quot;:&quot;%&quot;,&quot;size&quot;:&quot;&quot;,&quot;sizes&quot;:[]},&quot;width_tablet&quot;:{&quot;unit&quot;:&quot;%&quot;,&quot;size&quot;:&quot;&quot;,&quot;sizes&quot;:[]},&quot;width_mobile&quot;:{&quot;unit&quot;:&quot;%&quot;,&quot;size&quot;:&quot;&quot;,&quot;sizes&quot;:[]},&quot;space&quot;:{&quot;unit&quot;:&quot;%&quot;,&quot;size&quot;:&quot;&quot;,&quot;sizes&quot;:[]},&quot;space_tablet&quot;:{&quot;unit&quot;:&quot;%&quot;,&quot;size&quot;:&quot;&quot;,&quot;sizes&quot;:[]},&quot;space_mobile&quot;:{&quot;unit&quot;:&quot;%&quot;,&quot;size&quot;:&quot;&quot;,&quot;sizes&quot;:[]},&quot;image_border_radius&quot;:{&quot;unit&quot;:&quot;px&quot;,&quot;top&quot;:&quot;&quot;,&quot;right&quot;:&quot;&quot;,&quot;bottom&quot;:&quot;&quot;,&quot;left&quot;:&quot;&quot;,&quot;isLinked&quot;:true},&quot;image_border_radius_tablet&quot;:{&quot;unit&quot;:&quot;px&quot;,&quot;top&quot;:&quot;&quot;,&quot;right&quot;:&quot;&quot;,&quot;bottom&quot;:&quot;&quot;,&quot;left&quot;:&quot;&quot;,&quot;isLinked&quot;:true},&quot;image_border_radius_mobile&quot;:{&quot;unit&quot;:&quot;px&quot;,&quot;top&quot;:&quot;&quot;,&quot;right&quot;:&quot;&quot;,&quot;bottom&quot;:&quot;&quot;,&quot;left&quot;:&quot;&quot;,&quot;isLinked&quot;:true},&quot;_ob_perspektive_use&quot;:&quot;no&quot;,&quot;_ob_poopart_use&quot;:&quot;yes&quot;,&quot;_ob_shadough_use&quot;:&quot;no&quot;,&quot;_ob_allow_hoveranimator&quot;:&quot;no&quot;,&quot;_ob_widget_stalker_use&quot;:&quot;no&quot;}\" data-widget_type=\"uael-retina-image.default\">\n\t\t\t\t<div class=\"elementor-widget-container\">\n\t\t\t\t\t\t\t<div class=\"uael-retina-image\">\n\t\t\t\t\t\t\t\t\t\t\t\t\t<div class=\"uael-retina-image-set\">\n\t\t\t\t\t<div class=\"uael-retina-image-container\">\n\t\t\t\t\t\t<img decoding=\"async\" class=\"uael-retina-img elementor-animation-\" src=\"https:\/\/journalift.org\/wp-content\/uploads\/2021\/04\/Group-1434.png?1777441156\" alt=\"Group 1434\"srcset=\"https:\/\/journalift.org\/wp-content\/uploads\/2021\/04\/Group-1434.png?1777441156 1x,https:\/\/journalift.org\/wp-content\/uploads\/2021\/04\/Group-1434.png?1777441156 2x\"\/>\n\t\t\t\t\t<\/div>\n\t\t\t\t<\/div>\n\t\t\t\t\t\t\t\t<\/div>\n\t\t\t\t\t\t<\/div>\n\t\t\t\t<\/div>\n\t\t\t\t\t<\/div>\n\t\t<\/div>\n\t\t\t\t<div class=\"elementor-column elementor-col-66 elementor-top-column elementor-element elementor-element-10575f0\" data-id=\"10575f0\" data-element_type=\"column\" data-e-type=\"column\" data-settings=\"{&quot;_ob_bbad_is_stalker&quot;:&quot;no&quot;,&quot;_ob_teleporter_use&quot;:false,&quot;_ob_column_hoveranimator&quot;:&quot;no&quot;,&quot;_ob_column_has_pseudo&quot;:&quot;no&quot;}\">\n\t\t\t<div class=\"elementor-widget-wrap elementor-element-populated\">\n\t\t\t\t\t\t<div class=\"elementor-element elementor-element-794c913 ob-harakiri-inherit ob-has-background-overlay elementor-widget elementor-widget-heading\" data-id=\"794c913\" data-element_type=\"widget\" data-e-type=\"widget\" data-settings=\"{&quot;_ob_use_harakiri&quot;:&quot;yes&quot;,&quot;_ob_harakiri_writing_mode&quot;:&quot;inherit&quot;,&quot;_ob_harakiri_text_clip&quot;:&quot;none&quot;,&quot;_ob_perspektive_use&quot;:&quot;no&quot;,&quot;_ob_poopart_use&quot;:&quot;yes&quot;,&quot;_ob_shadough_use&quot;:&quot;no&quot;,&quot;_ob_allow_hoveranimator&quot;:&quot;no&quot;,&quot;_ob_widget_stalker_use&quot;:&quot;no&quot;}\" data-widget_type=\"heading.default\">\n\t\t\t\t<div class=\"elementor-widget-container\">\n\t\t\t\t\t<h1 class=\"elementor-heading-title elementor-size-default\">Na kontaktoni<\/h1>\t\t\t\t<\/div>\n\t\t\t\t<\/div>\n\t\t\t\t<div class=\"elementor-element elementor-element-1e86089 ob-harakiri-inherit ob-has-background-overlay elementor-widget elementor-widget-text-editor\" data-id=\"1e86089\" data-element_type=\"widget\" data-e-type=\"widget\" data-settings=\"{&quot;_ob_use_harakiri&quot;:&quot;yes&quot;,&quot;_ob_harakiri_writing_mode&quot;:&quot;inherit&quot;,&quot;_ob_postman_use&quot;:&quot;no&quot;,&quot;_ob_perspektive_use&quot;:&quot;no&quot;,&quot;_ob_poopart_use&quot;:&quot;yes&quot;,&quot;_ob_shadough_use&quot;:&quot;no&quot;,&quot;_ob_allow_hoveranimator&quot;:&quot;no&quot;,&quot;_ob_widget_stalker_use&quot;:&quot;no&quot;}\" data-widget_type=\"text-editor.default\">\n\t\t\t\t<div class=\"elementor-widget-container\">\n\t\t\t\t\t\t\t\t\t<p>Na kontaktoni n\u00ebse keni nevoj\u00eb p\u00ebr ndihm\u00eb me historin\u00eb q\u00eb po krijoni, keni nevoj\u00eb p\u00ebr burime specifike ose trajnime p\u00ebr t\u00eb p\u00ebrmir\u00ebsuar njohurit\u00eb dhe aft\u00ebsit\u00eb tuaja, apo n\u00ebse keni k\u00ebshilla p\u00ebr ne se si ta b\u00ebjm\u00eb Journalift edhe m\u00eb t\u00eb mir\u00eb.<\/p>\n\t\t\t\t\t\t\t\t<\/div>\n\t\t\t\t<\/div>\n\t\t\t\t<div class=\"elementor-element elementor-element-87c4726 elementor-button-align-stretch ob-has-background-overlay elementor-widget elementor-widget-form\" data-id=\"87c4726\" data-element_type=\"widget\" data-e-type=\"widget\" data-settings=\"{&quot;step_next_label&quot;:&quot;Next&quot;,&quot;step_previous_label&quot;:&quot;Previous&quot;,&quot;button_width&quot;:&quot;100&quot;,&quot;step_type&quot;:&quot;number_text&quot;,&quot;step_icon_shape&quot;:&quot;circle&quot;,&quot;_ob_perspektive_use&quot;:&quot;no&quot;,&quot;_ob_poopart_use&quot;:&quot;yes&quot;,&quot;_ob_shadough_use&quot;:&quot;no&quot;,&quot;_ob_allow_hoveranimator&quot;:&quot;no&quot;,&quot;_ob_widget_stalker_use&quot;:&quot;no&quot;}\" data-widget_type=\"form.default\">\n\t\t\t\t<div class=\"elementor-widget-container\">\n\t\t\t\t\t\t\t<form class=\"elementor-form\" method=\"post\" name=\"Na kontaktoni\" aria-label=\"Na kontaktoni\">\n\t\t\t<input type=\"hidden\" name=\"post_id\" value=\"4421\"\/>\n\t\t\t<input type=\"hidden\" name=\"form_id\" value=\"87c4726\"\/>\n\t\t\t<input type=\"hidden\" name=\"referer_title\" value=\"Na kontaktoni - Journalift\" \/>\n\n\t\t\t\t\t\t\t<input type=\"hidden\" name=\"queried_id\" value=\"4421\"\/>\n\t\t\t\n\t\t\t<div class=\"elementor-form-fields-wrapper elementor-labels-\">\n\t\t\t\t\t\t\t\t<div class=\"elementor-field-type-text elementor-field-group elementor-column elementor-field-group-name elementor-col-50 elementor-field-required\">\n\t\t\t\t\t\t\t\t\t\t\t\t<label for=\"form-field-name\" class=\"elementor-field-label elementor-screen-only\">\n\t\t\t\t\t\t\t\tEm\u00ebr\t\t\t\t\t\t\t<\/label>\n\t\t\t\t\t\t\t\t\t\t\t\t\t\t<input size=\"1\" type=\"text\" name=\"form_fields[name]\" id=\"form-field-name\" class=\"elementor-field elementor-size-sm  elementor-field-textual\" placeholder=\"Em\u00ebr*\" required=\"required\">\n\t\t\t\t\t\t\t\t\t\t\t<\/div>\n\t\t\t\t\t\t\t\t<div class=\"elementor-field-type-text elementor-field-group elementor-column elementor-field-group-field_c141a7b elementor-col-50 elementor-field-required\">\n\t\t\t\t\t\t\t\t\t\t\t\t<label for=\"form-field-field_c141a7b\" class=\"elementor-field-label elementor-screen-only\">\n\t\t\t\t\t\t\t\tMbiem\u00ebr\t\t\t\t\t\t\t<\/label>\n\t\t\t\t\t\t\t\t\t\t\t\t\t\t<input size=\"1\" type=\"text\" name=\"form_fields[field_c141a7b]\" id=\"form-field-field_c141a7b\" class=\"elementor-field elementor-size-sm  elementor-field-textual\" placeholder=\"Mbiem\u00ebr*\" required=\"required\">\n\t\t\t\t\t\t\t\t\t\t\t<\/div>\n\t\t\t\t\t\t\t\t<div class=\"elementor-field-type-email elementor-field-group elementor-column elementor-field-group-email elementor-col-50 elementor-field-required\">\n\t\t\t\t\t\t\t\t\t\t\t\t<label for=\"form-field-email\" class=\"elementor-field-label elementor-screen-only\">\n\t\t\t\t\t\t\t\tAdresa email\t\t\t\t\t\t\t<\/label>\n\t\t\t\t\t\t\t\t\t\t\t\t\t\t<input size=\"1\" type=\"email\" name=\"form_fields[email]\" id=\"form-field-email\" class=\"elementor-field elementor-size-sm  elementor-field-textual\" placeholder=\"Adresa email*\" required=\"required\">\n\t\t\t\t\t\t\t\t\t\t\t<\/div>\n\t\t\t\t\t\t\t\t<div class=\"elementor-field-type-text elementor-field-group elementor-column elementor-field-group-field_bda4abb elementor-col-50 elementor-field-required\">\n\t\t\t\t\t\t\t\t\t\t\t\t<label for=\"form-field-field_bda4abb\" class=\"elementor-field-label elementor-screen-only\">\n\t\t\t\t\t\t\t\tSubjekti\t\t\t\t\t\t\t<\/label>\n\t\t\t\t\t\t\t\t\t\t\t\t\t\t<input size=\"1\" type=\"text\" name=\"form_fields[field_bda4abb]\" id=\"form-field-field_bda4abb\" class=\"elementor-field elementor-size-sm  elementor-field-textual\" placeholder=\"Subjekti*\" required=\"required\">\n\t\t\t\t\t\t\t\t\t\t\t<\/div>\n\t\t\t\t\t\t\t\t<div class=\"elementor-field-type-text elementor-field-group elementor-column elementor-field-group-field_0748232 elementor-col-50\">\n\t\t\t\t\t\t\t\t\t\t\t\t<label for=\"form-field-field_0748232\" class=\"elementor-field-label elementor-screen-only\">\n\t\t\t\t\t\t\t\tVendi\t\t\t\t\t\t\t<\/label>\n\t\t\t\t\t\t\t\t\t\t\t\t\t\t<input size=\"1\" type=\"text\" name=\"form_fields[field_0748232]\" id=\"form-field-field_0748232\" class=\"elementor-field elementor-size-sm  elementor-field-textual\" placeholder=\"Vendi\">\n\t\t\t\t\t\t\t\t\t\t\t<\/div>\n\t\t\t\t\t\t\t\t<div class=\"elementor-field-type-text elementor-field-group elementor-column elementor-field-group-field_749e9f9 elementor-col-50\">\n\t\t\t\t\t\t\t\t\t\t\t\t<label for=\"form-field-field_749e9f9\" class=\"elementor-field-label elementor-screen-only\">\n\t\t\t\t\t\t\t\tOrganizata\t\t\t\t\t\t\t<\/label>\n\t\t\t\t\t\t\t\t\t\t\t\t\t\t<input size=\"1\" type=\"text\" name=\"form_fields[field_749e9f9]\" id=\"form-field-field_749e9f9\" class=\"elementor-field elementor-size-sm  elementor-field-textual\" placeholder=\"Organizata\">\n\t\t\t\t\t\t\t\t\t\t\t<\/div>\n\t\t\t\t\t\t\t\t<div class=\"elementor-field-type-textarea elementor-field-group elementor-column elementor-field-group-message elementor-col-100 elementor-field-required\">\n\t\t\t\t\t\t\t\t\t\t\t\t<label for=\"form-field-message\" class=\"elementor-field-label elementor-screen-only\">\n\t\t\t\t\t\t\t\tMesazh\t\t\t\t\t\t\t<\/label>\n\t\t\t\t\t\t<textarea class=\"elementor-field-textual elementor-field  elementor-size-sm\" name=\"form_fields[message]\" id=\"form-field-message\" rows=\"4\" placeholder=\"Shkruani mesazhin tuaj k\u00ebtu*\" required=\"required\"><\/textarea>\t\t\t\t<\/div>\n\t\t\t\t\t\t\t\t<div class=\"elementor-field-type-acceptance elementor-field-group elementor-column elementor-field-group-field_f4a7048 elementor-col-100 elementor-field-required\">\n\t\t\t\t\t\t\t\t\t\t\t\t<label for=\"form-field-field_f4a7048\" class=\"elementor-field-label elementor-screen-only\">\n\t\t\t\t\t\t\t\tPranimi\t\t\t\t\t\t\t<\/label>\n\t\t\t\t\t\t\t\t<div class=\"elementor-field-subgroup\">\n\t\t\t<span class=\"elementor-field-option\">\n\t\t\t\t<input type=\"checkbox\" name=\"form_fields[field_f4a7048]\" id=\"form-field-field_f4a7048\" class=\"elementor-field elementor-size-sm  elementor-acceptance-field\" required=\"required\">\n\t\t\t\t<label for=\"form-field-field_f4a7048\">Pranoj Politikat e Privat\u00ebsis\u00eb t\u00eb cilat mund t\u00eb lexohen <a href=\"https:\/\/journalift.org\/privacy-policy\/\">k\u00ebtu<\/a>.<\/label>\t\t\t<\/span>\n\t\t<\/div>\n\t\t\t\t\t\t<\/div>\n\t\t\t\t\t\t\t\t<div class=\"elementor-field-group elementor-column elementor-field-type-submit elementor-col-100 e-form__buttons\">\n\t\t\t\t\t<button class=\"elementor-button elementor-size-md\" type=\"submit\">\n\t\t\t\t\t\t<span class=\"elementor-button-content-wrapper\">\n\t\t\t\t\t\t\t\t\t\t\t\t\t\t\t\t\t\t\t\t\t\t<span class=\"elementor-button-text\">D\u00ebrgo<\/span>\n\t\t\t\t\t\t\t\t\t\t\t\t\t<\/span>\n\t\t\t\t\t<\/button>\n\t\t\t\t<\/div>\n\t\t\t<\/div>\n\t\t<\/form>\n\t\t\t\t\t\t<\/div>\n\t\t\t\t<\/div>\n\t\t\t\t\t<\/div>\n\t\t<\/div>\n\t\t\t\t\t<\/div>\n\t\t<\/section>\n\t\t\t\t<\/div>\n\t\t","protected":false},"excerpt":{"rendered":"<p>Na kontaktoni Na kontaktoni n\u00ebse keni nevoj\u00eb p\u00ebr ndihm\u00eb me historin\u00eb q\u00eb po krijoni, keni nevoj\u00eb p\u00ebr burime specifike ose trajnime p\u00ebr t\u00eb p\u00ebrmir\u00ebsuar njohurit\u00eb dhe aft\u00ebsit\u00eb tuaja, apo n\u00ebse keni k\u00ebshilla p\u00ebr ne se si ta b\u00ebjm\u00eb Journalift edhe m\u00eb t\u00eb mir\u00eb.<\/p>\n","protected":false},"author":1,"featured_media":0,"parent":0,"menu_order":0,"comment_status":"closed","ping_status":"closed","template":"","meta":{"_acf_changed":false,"site-sidebar-layout":"default","site-content-layout":"default","ast-site-content-layout":"default","site-content-style":"default","site-sidebar-style":"default","ast-global-header-display":"","ast-banner-title-visibility":"","ast-main-header-display":"","ast-hfb-above-header-display":"","ast-hfb-below-header-display":"","ast-hfb-mobile-header-display":"","site-post-title":"","ast-breadcrumbs-content":"","ast-featured-img":"","footer-sml-layout":"","ast-disable-related-posts":"","theme-transparent-header-meta":"default","adv-header-id-meta":"","stick-header-meta":"","header-above-stick-meta":"","header-main-stick-meta":"","header-below-stick-meta":"","astra-migrate-meta-layouts":"default","ast-page-background-enabled":"default","ast-page-background-meta":{"desktop":{"background-color":"","background-image":"","background-repeat":"repeat","background-position":"center center","background-size":"auto","background-attachment":"scroll","background-type":"","background-media":"","overlay-type":"","overlay-color":"","overlay-opacity":"","overlay-gradient":""},"tablet":{"background-color":"","background-image":"","background-repeat":"repeat","background-position":"center center","background-size":"auto","background-attachment":"scroll","background-type":"","background-media":"","overlay-type":"","overlay-color":"","overlay-opacity":"","overlay-gradient":""},"mobile":{"background-color":"","background-image":"","background-repeat":"repeat","background-position":"center center","background-size":"auto","background-attachment":"scroll","background-type":"","background-media":"","overlay-type":"","overlay-color":"","overlay-opacity":"","overlay-gradient":""}},"ast-content-background-meta":{"desktop":{"background-color":"var(--ast-global-color-5)","background-image":"","background-repeat":"repeat","background-position":"center center","background-size":"auto","background-attachment":"scroll","background-type":"","background-media":"","overlay-type":"","overlay-color":"","overlay-opacity":"","overlay-gradient":""},"tablet":{"background-color":"var(--ast-global-color-5)","background-image":"","background-repeat":"repeat","background-position":"center center","background-size":"auto","background-attachment":"scroll","background-type":"","background-media":"","overlay-type":"","overlay-color":"","overlay-opacity":"","overlay-gradient":""},"mobile":{"background-color":"var(--ast-global-color-5)","background-image":"","background-repeat":"repeat","background-position":"center center","background-size":"auto","background-attachment":"scroll","background-type":"","background-media":"","overlay-type":"","overlay-color":"","overlay-opacity":"","overlay-gradient":""}},"footnotes":""},"class_list":["post-4421","page","type-page","status-publish","hentry","ciTrackContent"],"acf":[],"yoast_head":"<!-- This site is optimized with the Yoast SEO plugin v27.4 - https:\/\/yoast.com\/product\/yoast-seo-wordpress\/ -->\n<title>Na kontaktoni - Journalift<\/title>\n<meta name=\"description\" content=\"Na kontaktoni n\u00ebse keni nevoj\u00eb p\u00ebr ndihm\u00eb me historin\u00eb q\u00eb po krijoni, keni nevoj\u00eb p\u00ebr burime specifike ose trajnime p\u00ebr t\u00eb p\u00ebrmir\u00ebsuar njohurit\u00eb dhe aft\u00ebsit\u00eb tuaja, apo n\u00ebse keni k\u00ebshilla p\u00ebr ne se si ta b\u00ebjm\u00eb Journalift edhe m\u00eb t\u00eb mir\u00eb.\" \/>\n<meta name=\"robots\" content=\"index, follow, max-snippet:-1, max-image-preview:large, max-video-preview:-1\" \/>\n<link rel=\"canonical\" href=\"https:\/\/journalift.org\/sq\/kontakti\/\" \/>\n<meta property=\"og:locale\" content=\"sq_AL\" \/>\n<meta property=\"og:type\" content=\"article\" \/>\n<meta property=\"og:title\" content=\"Na kontaktoni - Journalift\" \/>\n<meta property=\"og:description\" content=\"Na kontaktoni n\u00ebse keni nevoj\u00eb p\u00ebr ndihm\u00eb me historin\u00eb q\u00eb po krijoni, keni nevoj\u00eb p\u00ebr burime specifike ose trajnime p\u00ebr t\u00eb p\u00ebrmir\u00ebsuar njohurit\u00eb dhe aft\u00ebsit\u00eb tuaja, apo n\u00ebse keni k\u00ebshilla p\u00ebr ne se si ta b\u00ebjm\u00eb Journalift edhe m\u00eb t\u00eb mir\u00eb.\" \/>\n<meta property=\"og:url\" content=\"https:\/\/journalift.org\/sq\/kontakti\/\" \/>\n<meta property=\"og:site_name\" content=\"Journalift\" \/>\n<meta property=\"article:modified_time\" content=\"2021-06-14T08:39:04+00:00\" \/>\n<meta property=\"og:image\" content=\"https:\/\/journalift.org\/wp-content\/uploads\/2021\/04\/Group-1434.png?1623659944\" \/>\n<meta name=\"twitter:card\" content=\"summary_large_image\" \/>\n<meta name=\"twitter:label1\" content=\"Est. reading time\" \/>\n\t<meta name=\"twitter:data1\" content=\"1 minute\" \/>\n<script type=\"application\/ld+json\" class=\"yoast-schema-graph\">{\"@context\":\"https:\\\/\\\/schema.org\",\"@graph\":[{\"@type\":\"WebPage\",\"@id\":\"https:\\\/\\\/journalift.org\\\/sq\\\/kontakti\\\/\",\"url\":\"https:\\\/\\\/journalift.org\\\/sq\\\/kontakti\\\/\",\"name\":\"Na kontaktoni - Journalift\",\"isPartOf\":{\"@id\":\"https:\\\/\\\/journalift.org\\\/sq\\\/#website\"},\"primaryImageOfPage\":{\"@id\":\"https:\\\/\\\/journalift.org\\\/sq\\\/kontakti\\\/#primaryimage\"},\"image\":{\"@id\":\"https:\\\/\\\/journalift.org\\\/sq\\\/kontakti\\\/#primaryimage\"},\"thumbnailUrl\":\"https:\\\/\\\/journalift.org\\\/wp-content\\\/uploads\\\/2021\\\/04\\\/Group-1434.png?1623659944\",\"datePublished\":\"2021-05-17T09:28:21+00:00\",\"dateModified\":\"2021-06-14T08:39:04+00:00\",\"description\":\"Na kontaktoni n\u00ebse keni nevoj\u00eb p\u00ebr ndihm\u00eb me historin\u00eb q\u00eb po krijoni, keni nevoj\u00eb p\u00ebr burime specifike ose trajnime p\u00ebr t\u00eb p\u00ebrmir\u00ebsuar njohurit\u00eb dhe aft\u00ebsit\u00eb tuaja, apo n\u00ebse keni k\u00ebshilla p\u00ebr ne se si ta b\u00ebjm\u00eb Journalift edhe m\u00eb t\u00eb mir\u00eb.\",\"breadcrumb\":{\"@id\":\"https:\\\/\\\/journalift.org\\\/sq\\\/kontakti\\\/#breadcrumb\"},\"inLanguage\":\"sq-AL\",\"potentialAction\":[{\"@type\":\"ReadAction\",\"target\":[\"https:\\\/\\\/journalift.org\\\/sq\\\/kontakti\\\/\"]}]},{\"@type\":\"ImageObject\",\"inLanguage\":\"sq-AL\",\"@id\":\"https:\\\/\\\/journalift.org\\\/sq\\\/kontakti\\\/#primaryimage\",\"url\":\"https:\\\/\\\/journalift.org\\\/wp-content\\\/uploads\\\/2021\\\/04\\\/Group-1434.png?1623659944\",\"contentUrl\":\"https:\\\/\\\/journalift.org\\\/wp-content\\\/uploads\\\/2021\\\/04\\\/Group-1434.png?1623659944\"},{\"@type\":\"BreadcrumbList\",\"@id\":\"https:\\\/\\\/journalift.org\\\/sq\\\/kontakti\\\/#breadcrumb\",\"itemListElement\":[{\"@type\":\"ListItem\",\"position\":1,\"name\":\"Home\",\"item\":\"https:\\\/\\\/journalift.org\\\/sq\\\/\"},{\"@type\":\"ListItem\",\"position\":2,\"name\":\"Na kontaktoni\"}]},{\"@type\":\"WebSite\",\"@id\":\"https:\\\/\\\/journalift.org\\\/sq\\\/#website\",\"url\":\"https:\\\/\\\/journalift.org\\\/sq\\\/\",\"name\":\"Journalift\",\"description\":\"Journalift\",\"publisher\":{\"@id\":\"https:\\\/\\\/journalift.org\\\/sq\\\/#organization\"},\"potentialAction\":[{\"@type\":\"SearchAction\",\"target\":{\"@type\":\"EntryPoint\",\"urlTemplate\":\"https:\\\/\\\/journalift.org\\\/sq\\\/?s={search_term_string}\"},\"query-input\":{\"@type\":\"PropertyValueSpecification\",\"valueRequired\":true,\"valueName\":\"search_term_string\"}}],\"inLanguage\":\"sq-AL\"},{\"@type\":\"Organization\",\"@id\":\"https:\\\/\\\/journalift.org\\\/sq\\\/#organization\",\"name\":\"Journalift\",\"url\":\"https:\\\/\\\/journalift.org\\\/sq\\\/\",\"logo\":{\"@type\":\"ImageObject\",\"inLanguage\":\"sq-AL\",\"@id\":\"https:\\\/\\\/journalift.org\\\/sq\\\/#\\\/schema\\\/logo\\\/image\\\/\",\"url\":\"https:\\\/\\\/journalift.org\\\/wp-content\\\/uploads\\\/2021\\\/04\\\/Journalift-negative.png\",\"contentUrl\":\"https:\\\/\\\/journalift.org\\\/wp-content\\\/uploads\\\/2021\\\/04\\\/Journalift-negative.png\",\"width\":327,\"height\":104,\"caption\":\"Journalift\"},\"image\":{\"@id\":\"https:\\\/\\\/journalift.org\\\/sq\\\/#\\\/schema\\\/logo\\\/image\\\/\"}}]}<\/script>\n<!-- \/ Yoast SEO plugin. -->","yoast_head_json":{"title":"Na kontaktoni - Journalift","description":"Na kontaktoni n\u00ebse keni nevoj\u00eb p\u00ebr ndihm\u00eb me historin\u00eb q\u00eb po krijoni, keni nevoj\u00eb p\u00ebr burime specifike ose trajnime p\u00ebr t\u00eb p\u00ebrmir\u00ebsuar njohurit\u00eb dhe aft\u00ebsit\u00eb tuaja, apo n\u00ebse keni k\u00ebshilla p\u00ebr ne se si ta b\u00ebjm\u00eb Journalift edhe m\u00eb t\u00eb mir\u00eb.","robots":{"index":"index","follow":"follow","max-snippet":"max-snippet:-1","max-image-preview":"max-image-preview:large","max-video-preview":"max-video-preview:-1"},"canonical":"https:\/\/journalift.org\/sq\/kontakti\/","og_locale":"sq_AL","og_type":"article","og_title":"Na kontaktoni - Journalift","og_description":"Na kontaktoni n\u00ebse keni nevoj\u00eb p\u00ebr ndihm\u00eb me historin\u00eb q\u00eb po krijoni, keni nevoj\u00eb p\u00ebr burime specifike ose trajnime p\u00ebr t\u00eb p\u00ebrmir\u00ebsuar njohurit\u00eb dhe aft\u00ebsit\u00eb tuaja, apo n\u00ebse keni k\u00ebshilla p\u00ebr ne se si ta b\u00ebjm\u00eb Journalift edhe m\u00eb t\u00eb mir\u00eb.","og_url":"https:\/\/journalift.org\/sq\/kontakti\/","og_site_name":"Journalift","article_modified_time":"2021-06-14T08:39:04+00:00","og_image":[{"url":"https:\/\/journalift.org\/wp-content\/uploads\/2021\/04\/Group-1434.png?1623659944","type":"","width":"","height":""}],"twitter_card":"summary_large_image","twitter_misc":{"Est. reading time":"1 minute"},"schema":{"@context":"https:\/\/schema.org","@graph":[{"@type":"WebPage","@id":"https:\/\/journalift.org\/sq\/kontakti\/","url":"https:\/\/journalift.org\/sq\/kontakti\/","name":"Na kontaktoni - Journalift","isPartOf":{"@id":"https:\/\/journalift.org\/sq\/#website"},"primaryImageOfPage":{"@id":"https:\/\/journalift.org\/sq\/kontakti\/#primaryimage"},"image":{"@id":"https:\/\/journalift.org\/sq\/kontakti\/#primaryimage"},"thumbnailUrl":"https:\/\/journalift.org\/wp-content\/uploads\/2021\/04\/Group-1434.png?1623659944","datePublished":"2021-05-17T09:28:21+00:00","dateModified":"2021-06-14T08:39:04+00:00","description":"Na kontaktoni n\u00ebse keni nevoj\u00eb p\u00ebr ndihm\u00eb me historin\u00eb q\u00eb po krijoni, keni nevoj\u00eb p\u00ebr burime specifike ose trajnime p\u00ebr t\u00eb p\u00ebrmir\u00ebsuar njohurit\u00eb dhe aft\u00ebsit\u00eb tuaja, apo n\u00ebse keni k\u00ebshilla p\u00ebr ne se si ta b\u00ebjm\u00eb Journalift edhe m\u00eb t\u00eb mir\u00eb.","breadcrumb":{"@id":"https:\/\/journalift.org\/sq\/kontakti\/#breadcrumb"},"inLanguage":"sq-AL","potentialAction":[{"@type":"ReadAction","target":["https:\/\/journalift.org\/sq\/kontakti\/"]}]},{"@type":"ImageObject","inLanguage":"sq-AL","@id":"https:\/\/journalift.org\/sq\/kontakti\/#primaryimage","url":"https:\/\/journalift.org\/wp-content\/uploads\/2021\/04\/Group-1434.png?1623659944","contentUrl":"https:\/\/journalift.org\/wp-content\/uploads\/2021\/04\/Group-1434.png?1623659944"},{"@type":"BreadcrumbList","@id":"https:\/\/journalift.org\/sq\/kontakti\/#breadcrumb","itemListElement":[{"@type":"ListItem","position":1,"name":"Home","item":"https:\/\/journalift.org\/sq\/"},{"@type":"ListItem","position":2,"name":"Na kontaktoni"}]},{"@type":"WebSite","@id":"https:\/\/journalift.org\/sq\/#website","url":"https:\/\/journalift.org\/sq\/","name":"Journalift","description":"Journalift","publisher":{"@id":"https:\/\/journalift.org\/sq\/#organization"},"potentialAction":[{"@type":"SearchAction","target":{"@type":"EntryPoint","urlTemplate":"https:\/\/journalift.org\/sq\/?s={search_term_string}"},"query-input":{"@type":"PropertyValueSpecification","valueRequired":true,"valueName":"search_term_string"}}],"inLanguage":"sq-AL"},{"@type":"Organization","@id":"https:\/\/journalift.org\/sq\/#organization","name":"Journalift","url":"https:\/\/journalift.org\/sq\/","logo":{"@type":"ImageObject","inLanguage":"sq-AL","@id":"https:\/\/journalift.org\/sq\/#\/schema\/logo\/image\/","url":"https:\/\/journalift.org\/wp-content\/uploads\/2021\/04\/Journalift-negative.png","contentUrl":"https:\/\/journalift.org\/wp-content\/uploads\/2021\/04\/Journalift-negative.png","width":327,"height":104,"caption":"Journalift"},"image":{"@id":"https:\/\/journalift.org\/sq\/#\/schema\/logo\/image\/"}}]}},"_links":{"self":[{"href":"https:\/\/journalift.org\/sq\/wp-json\/wp\/v2\/pages\/4421","targetHints":{"allow":["GET"]}}],"collection":[{"href":"https:\/\/journalift.org\/sq\/wp-json\/wp\/v2\/pages"}],"about":[{"href":"https:\/\/journalift.org\/sq\/wp-json\/wp\/v2\/types\/page"}],"author":[{"embeddable":true,"href":"https:\/\/journalift.org\/sq\/wp-json\/wp\/v2\/users\/1"}],"replies":[{"embeddable":true,"href":"https:\/\/journalift.org\/sq\/wp-json\/wp\/v2\/comments?post=4421"}],"version-history":[{"count":5,"href":"https:\/\/journalift.org\/sq\/wp-json\/wp\/v2\/pages\/4421\/revisions"}],"predecessor-version":[{"id":6391,"href":"https:\/\/journalift.org\/sq\/wp-json\/wp\/v2\/pages\/4421\/revisions\/6391"}],"wp:attachment":[{"href":"https:\/\/journalift.org\/sq\/wp-json\/wp\/v2\/media?parent=4421"}],"curies":[{"name":"wp","href":"https:\/\/api.w.org\/{rel}","templated":true}]}}