{"id":6550,"date":"2021-06-15T12:38:02","date_gmt":"2021-06-15T12:38:02","guid":{"rendered":"https:\/\/journalift.org\/politikat-e-cookies\/"},"modified":"2021-06-15T13:21:43","modified_gmt":"2021-06-15T13:21:43","slug":"politikat-e-cookies","status":"publish","type":"page","link":"https:\/\/journalift.org\/sq\/politikat-e-cookies\/","title":{"rendered":"Politikat e Cookies"},"content":{"rendered":"\t\t<div data-elementor-type=\"wp-page\" data-elementor-id=\"6550\" class=\"elementor elementor-6550 elementor-5263\" data-elementor-post-type=\"page\">\n\t\t\t\t\t\t<section class=\"ob-is-breaking-bad elementor-section elementor-top-section elementor-element elementor-element-26773f17 elementor-section-boxed elementor-section-height-default elementor-section-height-default\" data-id=\"26773f17\" data-element_type=\"section\" data-e-type=\"section\" data-settings=\"{&quot;_ob_bbad_use_it&quot;:&quot;yes&quot;,&quot;_ob_bbad_sssic_use&quot;:&quot;no&quot;,&quot;_ob_glider_is_slider&quot;:&quot;no&quot;}\">\n\t\t\t\t\t\t<div class=\"elementor-container elementor-column-gap-default\">\n\t\t\t\t\t<div class=\"elementor-column elementor-col-100 elementor-top-column elementor-element elementor-element-3167a48c\" data-id=\"3167a48c\" data-element_type=\"column\" data-e-type=\"column\" data-settings=\"{&quot;_ob_bbad_is_stalker&quot;:&quot;no&quot;,&quot;_ob_teleporter_use&quot;:false,&quot;_ob_column_hoveranimator&quot;:&quot;no&quot;,&quot;_ob_column_has_pseudo&quot;:&quot;no&quot;}\">\n\t\t\t<div class=\"elementor-widget-wrap elementor-element-populated\">\n\t\t\t\t\t\t<div class=\"elementor-element elementor-element-dec7c2e ob-harakiri-inherit ob-has-background-overlay elementor-widget elementor-widget-heading\" data-id=\"dec7c2e\" data-element_type=\"widget\" data-e-type=\"widget\" data-settings=\"{&quot;_ob_use_harakiri&quot;:&quot;yes&quot;,&quot;_ob_harakiri_writing_mode&quot;:&quot;inherit&quot;,&quot;_ob_harakiri_text_clip&quot;:&quot;none&quot;,&quot;_ob_perspektive_use&quot;:&quot;no&quot;,&quot;_ob_poopart_use&quot;:&quot;yes&quot;,&quot;_ob_shadough_use&quot;:&quot;no&quot;,&quot;_ob_allow_hoveranimator&quot;:&quot;no&quot;,&quot;_ob_widget_stalker_use&quot;:&quot;no&quot;}\" data-widget_type=\"heading.default\">\n\t\t\t\t<div class=\"elementor-widget-container\">\n\t\t\t\t\t<h1 class=\"elementor-heading-title elementor-size-xxl\">Politikat e Cookies<\/h1>\t\t\t\t<\/div>\n\t\t\t\t<\/div>\n\t\t\t\t<div class=\"elementor-element elementor-element-738dc435 ob-harakiri-inherit ob-has-background-overlay elementor-widget elementor-widget-text-editor\" data-id=\"738dc435\" data-element_type=\"widget\" data-e-type=\"widget\" data-settings=\"{&quot;_ob_use_harakiri&quot;:&quot;yes&quot;,&quot;_ob_harakiri_writing_mode&quot;:&quot;inherit&quot;,&quot;_ob_postman_use&quot;:&quot;no&quot;,&quot;_ob_perspektive_use&quot;:&quot;no&quot;,&quot;_ob_poopart_use&quot;:&quot;yes&quot;,&quot;_ob_shadough_use&quot;:&quot;no&quot;,&quot;_ob_allow_hoveranimator&quot;:&quot;no&quot;,&quot;_ob_widget_stalker_use&quot;:&quot;no&quot;}\" data-widget_type=\"text-editor.default\">\n\t\t\t\t<div class=\"elementor-widget-container\">\n\t\t\t\t\t\t\t\t\t<h3><strong>N\u00eb lidhje me k\u00ebt\u00eb politik\u00eb cookie<\/strong><\/h3>\n<p>Kjo Politik\u00eb Cookie shpjegon se \u00e7far\u00eb jan\u00eb cookies dhe si i p\u00ebrdorim ato, llojet e cookies q\u00eb ne p\u00ebrdorim, pra informacionin q\u00eb mbledhim duke p\u00ebrdorur cookies dhe si p\u00ebrdoren ato informacione, si dhe si t\u00eb kontrollojm\u00eb preferencat e cookie-t. P\u00ebr informacion t\u00eb m\u00ebtejsh\u00ebm se si i p\u00ebrdorim, i ruajm\u00eb dhe i mbajm\u00eb t\u00eb sigurta t\u00eb dh\u00ebnat tuaja personale, shihni politik\u00ebn ton\u00eb t\u00eb privat\u00ebsis\u00eb.<\/p>\n<p>Ju mund t\u00eb ndryshoni ose t\u00ebrhiqni p\u00eblqimin tuaj nga Deklarata e Cookies n\u00eb faqen ton\u00eb t\u00eb internetit, n\u00eb \u00e7do koh\u00eb.<\/p>\n<p>M\u00ebsoni m\u00eb shum\u00eb rreth nesh, si mund t\u00eb na kontaktoni dhe si p\u00ebrpunojm\u00eb t\u00eb dh\u00ebnat personale n\u00eb Politik\u00ebn ton\u00eb t\u00eb Privat\u00ebsis\u00eb.<\/p>\n<p>Pranimi juaj vlen p\u00ebr fushat e m\u00ebposhtme: journalift.org<br \/>\n<div class=\"cli_user_consent_state\">Gjendja juaj aktuale: No consent given. <a class=\"cli_manage_current_consent\" style=\"cursor:pointer;text-decoration:underline;\">Menaxho p\u00eblqimin t\u00ebnd.<\/a> <\/div><\/p>\n<h3><strong><br \/>\n\u00c7far\u00eb jan\u00eb cookies?<\/strong><\/h3>\n<p>Cookies jan\u00eb skedar\u00eb t\u00eb vegj\u00ebl me tekst q\u00eb p\u00ebrdoren p\u00ebr t\u00eb ruajtur informacione t\u00eb vogla. Ato ruhen n\u00eb pajisjen tuaj kur faqja e internetit ngarkohet n\u00eb browserin tuaj. K\u00ebto cookies na ndihmojn\u00eb q\u00eb faqja e internetit t\u00eb funksionoj\u00eb si duhet, ta b\u00ebj\u00eb at\u00eb m\u00eb t\u00eb sigurt, t\u00eb siguroj\u00eb p\u00ebrvoj\u00eb m\u00eb t\u00eb mir\u00eb p\u00ebr p\u00ebrdoruesin dhe t\u00eb kuptoj\u00eb se si funksionon faqja e internetit, si dhe t\u00eb analizojm\u00eb se \u00e7far\u00eb funksionon dhe ku k\u00ebrkohet p\u00ebrmir\u00ebsim.<\/p>\n<h3><strong>Si i p\u00ebrdorim cookies?<\/strong><\/h3>\n<p>Si pjesa m\u00eb e madhe e sh\u00ebrbimeve n\u00eb internet, faqja jon\u00eb e internetit p\u00ebrdor cookies t\u00eb pal\u00ebve t\u00eb para dhe t\u00eb pal\u00ebve t\u00eb treta p\u00ebr disa q\u00ebllime. Cookie-t e pal\u00ebve t\u00eb para jan\u00eb kryesisht t\u00eb nevojshme q\u00eb faqja e internetit t\u00eb funksionoj\u00eb n\u00eb m\u00ebnyr\u00ebn e duhur dhe ato nuk mbledhin asnj\u00eb nga t\u00eb dh\u00ebnat tuaja personale t\u00eb identifikueshme.<\/p>\n<p>Cookie-t e pal\u00ebve t\u00eb treta t\u00eb p\u00ebrdorura n\u00eb faqen ton\u00eb t\u00eb internetit jan\u00eb kryesisht p\u00ebr t\u00eb kuptuar se si funksionon faqja n\u00eb internet, si nd\u00ebrveproni me faqen ton\u00eb t\u00eb internetit, p\u00ebr t\u00eb mbajtur t\u00eb sigurt sh\u00ebrbimet tona, p\u00ebr t\u00eb siguruar reklama q\u00eb jan\u00eb t\u00eb r\u00ebnd\u00ebsishme p\u00ebr ju, dhe q\u00eb t\u00eb gjitha ju ofrojn\u00eb nj\u00eb p\u00ebrvoj\u00eb t\u00eb t\u00eb p\u00ebrmir\u00ebsuar si p\u00ebrdorues si dhe \u00a0ju ndihmojn\u00eb t\u00eb shpejtoni nd\u00ebrveprimet tuaja n\u00eb t\u00eb ardhmen me faqen ton\u00eb t\u00eb internetit.<\/p>\n<h3><strong>\u00c7far\u00eb lloj cookies p\u00ebrdorim?<\/strong><\/h3>\n<p><strong>Thelb\u00ebsore<\/strong>: Disa cookies jan\u00eb thelb\u00ebsore q\u00eb ju t\u00eb jeni n\u00eb gjendje t\u00eb p\u00ebrjetoni funksionalitetin e plot\u00eb t\u00eb faqes ton\u00eb. Ato na lejojn\u00eb t\u00eb mbajm\u00eb sesionet e p\u00ebrdoruesve dhe t\u00eb parandalojm\u00eb \u00e7do k\u00ebrc\u00ebnim sigurie. Ato nuk mbledhin ose ruajn\u00eb asnj\u00eb informacion personal. P\u00ebr shembull, k\u00ebto cookies ju lejojn\u00eb t\u00eb identifikoheni n\u00eb llogarin\u00eb tuaj dhe t\u00eb shtoni produkte n\u00eb shport\u00ebn tuaj dhe t\u00eb b\u00ebni blerje t\u00eb sigurt.<\/p>\n<p><strong>Statistikore<\/strong>: K\u00ebto cookies ruajn\u00eb informacione t\u00eb tilla si numri i vizitor\u00ebve n\u00eb faqen e internetit, numri i vizitor\u00ebve unik\u00eb, cilat rubrika t\u00eb faqes n\u00eb internet jan\u00eb vizituar, burimi i vizit\u00ebs, etj. K\u00ebto t\u00eb dh\u00ebna na ndihmojn\u00eb t\u00eb kuptojm\u00eb dhe t\u00eb analizojm\u00eb sa mir\u00eb funksionon faqja e internetit dhe ku ka nevoj\u00eb p\u00ebr p\u00ebrmir\u00ebsim.<\/p>\n<p><strong>Marketingu<\/strong>: Faqja jon\u00eb web shfaq reklama. K\u00ebto cookies p\u00ebrdoren p\u00ebr t\u00eb personalizuar reklamat q\u00eb ju tregojm\u00eb n\u00eb m\u00ebnyr\u00eb q\u00eb ato t\u00eb jen\u00eb dometh\u00ebn\u00ebse p\u00ebr ju. K\u00ebto cookies gjithashtu na ndihmojn\u00eb t\u00eb masim efikasitetin e k\u00ebtyre fushatave reklamuese.<\/p>\n<p>Informacioni i ruajtur n\u00eb k\u00ebto cookies mund t\u00eb p\u00ebrdoret gjithashtu nga ofruesit e reklamave t\u00eb pal\u00ebve t\u00eb treta p\u00ebr t&#8217;ju treguar reklama t\u00eb tjera n\u00eb faqet e tjera online n\u00eb at\u00eb browser.<\/p>\n<p><strong>Funksionale<\/strong>: K\u00ebto jan\u00eb cookies q\u00eb ndihmojn\u00eb n\u00eb disa funksione jo thelb\u00ebsore n\u00eb faqen ton\u00eb t\u00eb internetit. K\u00ebto funksionalitete p\u00ebrfshijn\u00eb aksesin n\u00eb p\u00ebrmbajtje si video ose ndarjen e p\u00ebrmbajtjes s\u00eb faqes n\u00eb internet n\u00eb platformat e mediave sociale.<\/p>\n<p><strong>Preferenciale:<\/strong> K\u00ebto cookies na ndihmojn\u00eb t\u00eb ruajm\u00eb cil\u00ebsimet dhe preferencat tuaja t\u00eb browserit, si preferencat gjuh\u00ebsore, n\u00eb m\u00ebnyr\u00eb q\u00eb t\u00eb keni nj\u00eb p\u00ebrvoj\u00eb m\u00eb t\u00eb mir\u00eb dhe efikase n\u00eb vizitat e ardhshme n\u00eb faqen e internetit.<br \/>\n<p>Lista e m\u00ebposhtme detajon cookies q\u00eb p\u00ebrdoren n\u00eb faqen ton\u00eb t\u00eb internetit.<\/p><table class=\"cookielawinfo-row-cat-table cookielawinfo-classic\"><thead><tr><th class=\"cookielawinfo-column-1\">Cookie<\/th><th class=\"cookielawinfo-column-4\">P\u00cbRSHKRIM<\/th><\/tr><\/thead><tbody><tr class=\"cookielawinfo-row\"><td class=\"cookielawinfo-column-1\">cookielawinfo-checbox-analitike<\/td><td class=\"cookielawinfo-column-4\">Kjo cookie \u00ebsht\u00eb vendosur nga plug-in GDPR Cookie Consent. Cookie p\u00ebrdoret p\u00ebr t\u00eb ruajtur p\u00eblqimin e p\u00ebrdoruesit p\u00ebr cookies n\u00eb kategorin\u00eb &#8220;Analytics&#8221;.<\/td><\/tr><tr class=\"cookielawinfo-row\"><td class=\"cookielawinfo-column-1\">cookielawinfo-checbox-funksionale<\/td><td class=\"cookielawinfo-column-4\">Cookie p\u00ebrcaktohet nga p\u00eblqimi i cookie GDPR p\u00ebr t\u00eb regjistruar p\u00eblqimin e p\u00ebrdoruesit p\u00ebr cookies n\u00eb kategorin\u00eb &#8220;Funksionale&#8221;.<\/td><\/tr><tr class=\"cookielawinfo-row\"><td class=\"cookielawinfo-column-1\">cookielawinfo-checkbox-performanca<\/td><td class=\"cookielawinfo-column-4\">Kjo cookie \u00ebsht\u00eb vendosur nga plug in i Pranimit t\u00eb Cookies s\u00eb GDPR. Cookies p\u00ebrdoret p\u00ebr t\u00eb ruajtur p\u00eblqimin e p\u00ebrdoruesit p\u00ebr cookies n\u00eb kategorin\u00eb \u201cPerformanca\u201d.<\/td><\/tr><tr class=\"cookielawinfo-row\"><td class=\"cookielawinfo-column-1\">cookielawinfo-checkbox-thelb\u00ebsore<\/td><td class=\"cookielawinfo-column-4\">Kjo cookie \u00ebsht\u00eb vendosur nga plug in i Pranimit t\u00eb Cookies s\u00eb GDPR. Cookies p\u00ebrdoret p\u00ebr t\u00eb ruajtur p\u00eblqimin e p\u00ebrdoruesit p\u00ebr cookies n\u00eb kategorin\u00eb &#8220;T\u00eb nevojshme&#8221;.<\/td><\/tr><tr class=\"cookielawinfo-row\"><td class=\"cookielawinfo-column-1\">Google Analytics<\/td><td class=\"cookielawinfo-column-4\">Ky cookie \u00ebsht\u00eb instaluar nga Google Analytics. Cookie p\u00ebrdoret p\u00ebr t\u00eb llogaritur t\u00eb dh\u00ebnat e vizitor\u00ebve, sesioneve, fushatave dhe p\u00ebr t\u00eb ruajtur t\u00eb dh\u00ebna t\u00eb p\u00ebrdorimit t\u00eb faqes p\u00ebr raportin e analitikave t\u00eb faqes. Cookies ruajn\u00eb informacione n\u00eb m\u00ebnyr\u00eb anonime dhe caktojn\u00eb nj\u00eb num\u00ebr rast\u00ebsor p\u00ebr t\u00eb identifikuar vizitor\u00ebt unik\u00eb.<\/td><\/tr><tr class=\"cookielawinfo-row\"><td class=\"cookielawinfo-column-1\">Google Analytics statistika anonime<\/td><td class=\"cookielawinfo-column-4\">Ruajtja e statistikave anonime<\/td><\/tr><tr class=\"cookielawinfo-row\"><td class=\"cookielawinfo-column-1\">Smart Octo (Content Insights) Analytics<\/td><td class=\"cookielawinfo-column-4\">Ky cookie p\u00ebrdor t\u00eb dh\u00ebna anonime p\u00ebr t\u00eb ndihmuar n\u00eb vler\u00ebsimin e performanc\u00ebs s\u00eb artikujve dhe autor\u00ebve.<\/td><\/tr><tr class=\"cookielawinfo-row\"><td class=\"cookielawinfo-column-1\">Smart Octo (Content insights) Analytics<\/td><td class=\"cookielawinfo-column-4\">Ky cookie p\u00ebrdor t\u00eb dh\u00ebna anonime p\u00ebr t\u00eb ndihmuar n\u00eb vler\u00ebsimin e performanc\u00ebs s\u00eb artikujve dhe autor\u00ebve.<\/td><\/tr><tr class=\"cookielawinfo-row\"><td class=\"cookielawinfo-column-1\">viewed_cookie_policy<\/td><td class=\"cookielawinfo-column-4\">Kjo cookie \u00ebsht\u00eb vendosur nga plug in i Pranimit t\u00eb Cookies s\u00eb GDPR dhe p\u00ebrdoret p\u00ebr t\u00eb ruajtur n\u00ebse p\u00ebrdoruesi ka dh\u00ebn\u00eb ose jo p\u00eblqimin p\u00ebr p\u00ebrdorimin e cookies. Nuk ruan asnj\u00eb t\u00eb dh\u00ebn\u00eb personale.<\/td><\/tr><\/tbody><\/table><\/p>\n<h3><strong>Si mund t\u00eb kontrolloj preferencat e cookie-t?<\/strong><\/h3>\n<p>N\u00ebse vendosni t\u00eb ndryshoni preferencat tuaja m\u00eb von\u00eb p\u00ebrmes sesionit tuaj t\u00eb shfletimit, mund t\u00eb klikoni n\u00eb sked\u00ebn &#8220;Politikat e Privat\u00ebsis\u00eb &amp; Cookies&#8221; n\u00eb ekranin tuaj. Do t\u2019ju shfaqet p\u00ebrs\u00ebri njoftimi i p\u00eblqimit duke ju mund\u00ebsuar t\u00eb ndryshoni preferencat tuaja ose t\u00eb t\u00ebrhiqni plot\u00ebsisht p\u00eblqimin tuaj.<\/p>\n<p>P\u00ebrve\u00e7 k\u00ebsaj, browser t\u00eb ndrysh\u00ebm ofrojn\u00eb metoda t\u00eb ndryshme p\u00ebr t\u00eb bllokuar dhe fshir\u00eb cookies q\u00eb p\u00ebrdoren nga faqet e internetit. Ju mund t\u00eb ndryshoni cil\u00ebsimet e browserit tuaj p\u00ebr t\u00eb bllokuar\/fshir\u00eb cookies. P\u00ebr t\u00eb m\u00ebsuar m\u00eb shum\u00eb se si t\u00eb menaxhoni dhe fshini cookies, vizitoni wikipedia.org, www.allaboutcookies.org.<\/p>\n\t\t\t\t\t\t\t\t<\/div>\n\t\t\t\t<\/div>\n\t\t\t\t\t<\/div>\n\t\t<\/div>\n\t\t\t\t\t<\/div>\n\t\t<\/section>\n\t\t\t\t<\/div>\n\t\t","protected":false},"excerpt":{"rendered":"<p>Politikat e Cookies N\u00eb lidhje me k\u00ebt\u00eb politik\u00eb cookie Kjo Politik\u00eb Cookie shpjegon se \u00e7far\u00eb jan\u00eb cookies dhe si i p\u00ebrdorim ato, llojet e cookies q\u00eb ne p\u00ebrdorim, pra informacionin q\u00eb mbledhim duke p\u00ebrdorur cookies dhe si p\u00ebrdoren ato informacione, si dhe si t\u00eb kontrollojm\u00eb preferencat e cookie-t. P\u00ebr informacion t\u00eb m\u00ebtejsh\u00ebm se si i [&hellip;]<\/p>\n","protected":false},"author":9,"featured_media":0,"parent":0,"menu_order":0,"comment_status":"closed","ping_status":"closed","template":"","meta":{"_acf_changed":false,"site-sidebar-layout":"default","site-content-layout":"default","ast-site-content-layout":"default","site-content-style":"default","site-sidebar-style":"default","ast-global-header-display":"","ast-banner-title-visibility":"","ast-main-header-display":"","ast-hfb-above-header-display":"","ast-hfb-below-header-display":"","ast-hfb-mobile-header-display":"","site-post-title":"","ast-breadcrumbs-content":"","ast-featured-img":"","footer-sml-layout":"","ast-disable-related-posts":"","theme-transparent-header-meta":"default","adv-header-id-meta":"","stick-header-meta":"","header-above-stick-meta":"","header-main-stick-meta":"","header-below-stick-meta":"","astra-migrate-meta-layouts":"default","ast-page-background-enabled":"default","ast-page-background-meta":{"desktop":{"background-color":"","background-image":"","background-repeat":"repeat","background-position":"center center","background-size":"auto","background-attachment":"scroll","background-type":"","background-media":"","overlay-type":"","overlay-color":"","overlay-opacity":"","overlay-gradient":""},"tablet":{"background-color":"","background-image":"","background-repeat":"repeat","background-position":"center center","background-size":"auto","background-attachment":"scroll","background-type":"","background-media":"","overlay-type":"","overlay-color":"","overlay-opacity":"","overlay-gradient":""},"mobile":{"background-color":"","background-image":"","background-repeat":"repeat","background-position":"center center","background-size":"auto","background-attachment":"scroll","background-type":"","background-media":"","overlay-type":"","overlay-color":"","overlay-opacity":"","overlay-gradient":""}},"ast-content-background-meta":{"desktop":{"background-color":"var(--ast-global-color-5)","background-image":"","background-repeat":"repeat","background-position":"center center","background-size":"auto","background-attachment":"scroll","background-type":"","background-media":"","overlay-type":"","overlay-color":"","overlay-opacity":"","overlay-gradient":""},"tablet":{"background-color":"var(--ast-global-color-5)","background-image":"","background-repeat":"repeat","background-position":"center center","background-size":"auto","background-attachment":"scroll","background-type":"","background-media":"","overlay-type":"","overlay-color":"","overlay-opacity":"","overlay-gradient":""},"mobile":{"background-color":"var(--ast-global-color-5)","background-image":"","background-repeat":"repeat","background-position":"center center","background-size":"auto","background-attachment":"scroll","background-type":"","background-media":"","overlay-type":"","overlay-color":"","overlay-opacity":"","overlay-gradient":""}},"footnotes":""},"class_list":["post-6550","page","type-page","status-publish","hentry","ciTrackContent"],"acf":[],"yoast_head":"<!-- This site is optimized with the Yoast SEO plugin v27.3 - https:\/\/yoast.com\/product\/yoast-seo-wordpress\/ -->\n<title>Politikat e Cookies - Journalift<\/title>\n<meta name=\"description\" content=\"Kjo Politik\u00eb Cookie shpjegon se \u00e7far\u00eb jan\u00eb cookies dhe si i p\u00ebrdorim ato, llojet e cookies q\u00eb ne p\u00ebrdorim, pra informacionin q\u00eb mbledhim duke p\u00ebrdorur cookies dhe si p\u00ebrdoren ato informacione, si dhe si t\u00eb kontrollojm\u00eb preferencat e cookie-t. P\u00ebr informacion t\u00eb m\u00ebtejsh\u00ebm se si i p\u00ebrdorim, i ruajm\u00eb dhe i mbajm\u00eb t\u00eb sigurta t\u00eb dh\u00ebnat tuaja personale, shihni politik\u00ebn ton\u00eb t\u00eb privat\u00ebsis\u00eb.\" \/>\n<meta name=\"robots\" content=\"index, follow, max-snippet:-1, max-image-preview:large, max-video-preview:-1\" \/>\n<link rel=\"canonical\" href=\"https:\/\/journalift.org\/sq\/politikat-e-cookies\/\" \/>\n<meta property=\"og:locale\" content=\"sq_AL\" \/>\n<meta property=\"og:type\" content=\"article\" \/>\n<meta property=\"og:title\" content=\"Politikat e Cookies - Journalift\" \/>\n<meta property=\"og:description\" content=\"Kjo Politik\u00eb Cookie shpjegon se \u00e7far\u00eb jan\u00eb cookies dhe si i p\u00ebrdorim ato, llojet e cookies q\u00eb ne p\u00ebrdorim, pra informacionin q\u00eb mbledhim duke p\u00ebrdorur cookies dhe si p\u00ebrdoren ato informacione, si dhe si t\u00eb kontrollojm\u00eb preferencat e cookie-t. P\u00ebr informacion t\u00eb m\u00ebtejsh\u00ebm se si i p\u00ebrdorim, i ruajm\u00eb dhe i mbajm\u00eb t\u00eb sigurta t\u00eb dh\u00ebnat tuaja personale, shihni politik\u00ebn ton\u00eb t\u00eb privat\u00ebsis\u00eb.\" \/>\n<meta property=\"og:url\" content=\"https:\/\/journalift.org\/sq\/politikat-e-cookies\/\" \/>\n<meta property=\"og:site_name\" content=\"Journalift\" \/>\n<meta property=\"article:modified_time\" content=\"2021-06-15T13:21:43+00:00\" \/>\n<meta name=\"twitter:card\" content=\"summary_large_image\" \/>\n<meta name=\"twitter:label1\" content=\"Est. reading time\" \/>\n\t<meta name=\"twitter:data1\" content=\"4 minutes\" \/>\n<script type=\"application\/ld+json\" class=\"yoast-schema-graph\">{\"@context\":\"https:\\\/\\\/schema.org\",\"@graph\":[{\"@type\":\"WebPage\",\"@id\":\"https:\\\/\\\/journalift.org\\\/sq\\\/politikat-e-cookies\\\/\",\"url\":\"https:\\\/\\\/journalift.org\\\/sq\\\/politikat-e-cookies\\\/\",\"name\":\"Politikat e Cookies - Journalift\",\"isPartOf\":{\"@id\":\"https:\\\/\\\/journalift.org\\\/sq\\\/#website\"},\"datePublished\":\"2021-06-15T12:38:02+00:00\",\"dateModified\":\"2021-06-15T13:21:43+00:00\",\"description\":\"Kjo Politik\u00eb Cookie shpjegon se \u00e7far\u00eb jan\u00eb cookies dhe si i p\u00ebrdorim ato, llojet e cookies q\u00eb ne p\u00ebrdorim, pra informacionin q\u00eb mbledhim duke p\u00ebrdorur cookies dhe si p\u00ebrdoren ato informacione, si dhe si t\u00eb kontrollojm\u00eb preferencat e cookie-t. P\u00ebr informacion t\u00eb m\u00ebtejsh\u00ebm se si i p\u00ebrdorim, i ruajm\u00eb dhe i mbajm\u00eb t\u00eb sigurta t\u00eb dh\u00ebnat tuaja personale, shihni politik\u00ebn ton\u00eb t\u00eb privat\u00ebsis\u00eb.\",\"breadcrumb\":{\"@id\":\"https:\\\/\\\/journalift.org\\\/sq\\\/politikat-e-cookies\\\/#breadcrumb\"},\"inLanguage\":\"sq-AL\",\"potentialAction\":[{\"@type\":\"ReadAction\",\"target\":[\"https:\\\/\\\/journalift.org\\\/sq\\\/politikat-e-cookies\\\/\"]}]},{\"@type\":\"BreadcrumbList\",\"@id\":\"https:\\\/\\\/journalift.org\\\/sq\\\/politikat-e-cookies\\\/#breadcrumb\",\"itemListElement\":[{\"@type\":\"ListItem\",\"position\":1,\"name\":\"Home\",\"item\":\"https:\\\/\\\/journalift.org\\\/sq\\\/\"},{\"@type\":\"ListItem\",\"position\":2,\"name\":\"Politikat e Cookies\"}]},{\"@type\":\"WebSite\",\"@id\":\"https:\\\/\\\/journalift.org\\\/sq\\\/#website\",\"url\":\"https:\\\/\\\/journalift.org\\\/sq\\\/\",\"name\":\"Journalift\",\"description\":\"Journalift\",\"publisher\":{\"@id\":\"https:\\\/\\\/journalift.org\\\/sq\\\/#organization\"},\"potentialAction\":[{\"@type\":\"SearchAction\",\"target\":{\"@type\":\"EntryPoint\",\"urlTemplate\":\"https:\\\/\\\/journalift.org\\\/sq\\\/?s={search_term_string}\"},\"query-input\":{\"@type\":\"PropertyValueSpecification\",\"valueRequired\":true,\"valueName\":\"search_term_string\"}}],\"inLanguage\":\"sq-AL\"},{\"@type\":\"Organization\",\"@id\":\"https:\\\/\\\/journalift.org\\\/sq\\\/#organization\",\"name\":\"Journalift\",\"url\":\"https:\\\/\\\/journalift.org\\\/sq\\\/\",\"logo\":{\"@type\":\"ImageObject\",\"inLanguage\":\"sq-AL\",\"@id\":\"https:\\\/\\\/journalift.org\\\/sq\\\/#\\\/schema\\\/logo\\\/image\\\/\",\"url\":\"https:\\\/\\\/journalift.org\\\/wp-content\\\/uploads\\\/2021\\\/04\\\/Journalift-negative.png\",\"contentUrl\":\"https:\\\/\\\/journalift.org\\\/wp-content\\\/uploads\\\/2021\\\/04\\\/Journalift-negative.png\",\"width\":327,\"height\":104,\"caption\":\"Journalift\"},\"image\":{\"@id\":\"https:\\\/\\\/journalift.org\\\/sq\\\/#\\\/schema\\\/logo\\\/image\\\/\"}}]}<\/script>\n<!-- \/ Yoast SEO plugin. -->","yoast_head_json":{"title":"Politikat e Cookies - Journalift","description":"Kjo Politik\u00eb Cookie shpjegon se \u00e7far\u00eb jan\u00eb cookies dhe si i p\u00ebrdorim ato, llojet e cookies q\u00eb ne p\u00ebrdorim, pra informacionin q\u00eb mbledhim duke p\u00ebrdorur cookies dhe si p\u00ebrdoren ato informacione, si dhe si t\u00eb kontrollojm\u00eb preferencat e cookie-t. P\u00ebr informacion t\u00eb m\u00ebtejsh\u00ebm se si i p\u00ebrdorim, i ruajm\u00eb dhe i mbajm\u00eb t\u00eb sigurta t\u00eb dh\u00ebnat tuaja personale, shihni politik\u00ebn ton\u00eb t\u00eb privat\u00ebsis\u00eb.","robots":{"index":"index","follow":"follow","max-snippet":"max-snippet:-1","max-image-preview":"max-image-preview:large","max-video-preview":"max-video-preview:-1"},"canonical":"https:\/\/journalift.org\/sq\/politikat-e-cookies\/","og_locale":"sq_AL","og_type":"article","og_title":"Politikat e Cookies - Journalift","og_description":"Kjo Politik\u00eb Cookie shpjegon se \u00e7far\u00eb jan\u00eb cookies dhe si i p\u00ebrdorim ato, llojet e cookies q\u00eb ne p\u00ebrdorim, pra informacionin q\u00eb mbledhim duke p\u00ebrdorur cookies dhe si p\u00ebrdoren ato informacione, si dhe si t\u00eb kontrollojm\u00eb preferencat e cookie-t. P\u00ebr informacion t\u00eb m\u00ebtejsh\u00ebm se si i p\u00ebrdorim, i ruajm\u00eb dhe i mbajm\u00eb t\u00eb sigurta t\u00eb dh\u00ebnat tuaja personale, shihni politik\u00ebn ton\u00eb t\u00eb privat\u00ebsis\u00eb.","og_url":"https:\/\/journalift.org\/sq\/politikat-e-cookies\/","og_site_name":"Journalift","article_modified_time":"2021-06-15T13:21:43+00:00","twitter_card":"summary_large_image","twitter_misc":{"Est. reading time":"4 minutes"},"schema":{"@context":"https:\/\/schema.org","@graph":[{"@type":"WebPage","@id":"https:\/\/journalift.org\/sq\/politikat-e-cookies\/","url":"https:\/\/journalift.org\/sq\/politikat-e-cookies\/","name":"Politikat e Cookies - Journalift","isPartOf":{"@id":"https:\/\/journalift.org\/sq\/#website"},"datePublished":"2021-06-15T12:38:02+00:00","dateModified":"2021-06-15T13:21:43+00:00","description":"Kjo Politik\u00eb Cookie shpjegon se \u00e7far\u00eb jan\u00eb cookies dhe si i p\u00ebrdorim ato, llojet e cookies q\u00eb ne p\u00ebrdorim, pra informacionin q\u00eb mbledhim duke p\u00ebrdorur cookies dhe si p\u00ebrdoren ato informacione, si dhe si t\u00eb kontrollojm\u00eb preferencat e cookie-t. P\u00ebr informacion t\u00eb m\u00ebtejsh\u00ebm se si i p\u00ebrdorim, i ruajm\u00eb dhe i mbajm\u00eb t\u00eb sigurta t\u00eb dh\u00ebnat tuaja personale, shihni politik\u00ebn ton\u00eb t\u00eb privat\u00ebsis\u00eb.","breadcrumb":{"@id":"https:\/\/journalift.org\/sq\/politikat-e-cookies\/#breadcrumb"},"inLanguage":"sq-AL","potentialAction":[{"@type":"ReadAction","target":["https:\/\/journalift.org\/sq\/politikat-e-cookies\/"]}]},{"@type":"BreadcrumbList","@id":"https:\/\/journalift.org\/sq\/politikat-e-cookies\/#breadcrumb","itemListElement":[{"@type":"ListItem","position":1,"name":"Home","item":"https:\/\/journalift.org\/sq\/"},{"@type":"ListItem","position":2,"name":"Politikat e Cookies"}]},{"@type":"WebSite","@id":"https:\/\/journalift.org\/sq\/#website","url":"https:\/\/journalift.org\/sq\/","name":"Journalift","description":"Journalift","publisher":{"@id":"https:\/\/journalift.org\/sq\/#organization"},"potentialAction":[{"@type":"SearchAction","target":{"@type":"EntryPoint","urlTemplate":"https:\/\/journalift.org\/sq\/?s={search_term_string}"},"query-input":{"@type":"PropertyValueSpecification","valueRequired":true,"valueName":"search_term_string"}}],"inLanguage":"sq-AL"},{"@type":"Organization","@id":"https:\/\/journalift.org\/sq\/#organization","name":"Journalift","url":"https:\/\/journalift.org\/sq\/","logo":{"@type":"ImageObject","inLanguage":"sq-AL","@id":"https:\/\/journalift.org\/sq\/#\/schema\/logo\/image\/","url":"https:\/\/journalift.org\/wp-content\/uploads\/2021\/04\/Journalift-negative.png","contentUrl":"https:\/\/journalift.org\/wp-content\/uploads\/2021\/04\/Journalift-negative.png","width":327,"height":104,"caption":"Journalift"},"image":{"@id":"https:\/\/journalift.org\/sq\/#\/schema\/logo\/image\/"}}]}},"_links":{"self":[{"href":"https:\/\/journalift.org\/sq\/wp-json\/wp\/v2\/pages\/6550","targetHints":{"allow":["GET"]}}],"collection":[{"href":"https:\/\/journalift.org\/sq\/wp-json\/wp\/v2\/pages"}],"about":[{"href":"https:\/\/journalift.org\/sq\/wp-json\/wp\/v2\/types\/page"}],"author":[{"embeddable":true,"href":"https:\/\/journalift.org\/sq\/wp-json\/wp\/v2\/users\/9"}],"replies":[{"embeddable":true,"href":"https:\/\/journalift.org\/sq\/wp-json\/wp\/v2\/comments?post=6550"}],"version-history":[{"count":3,"href":"https:\/\/journalift.org\/sq\/wp-json\/wp\/v2\/pages\/6550\/revisions"}],"predecessor-version":[{"id":6566,"href":"https:\/\/journalift.org\/sq\/wp-json\/wp\/v2\/pages\/6550\/revisions\/6566"}],"wp:attachment":[{"href":"https:\/\/journalift.org\/sq\/wp-json\/wp\/v2\/media?parent=6550"}],"curies":[{"name":"wp","href":"https:\/\/api.w.org\/{rel}","templated":true}]}}